{"id":49328,"date":"2026-01-27T22:24:58","date_gmt":"2026-01-27T22:24:58","guid":{"rendered":"https:\/\/www.deporteseli.com\/?product=sonicsmash-ff"},"modified":"2026-02-21T05:19:10","modified_gmt":"2026-02-21T05:19:10","slug":"sonicsmash-ff","status":"publish","type":"product","link":"https:\/\/www.deporteseli.com\/?product=sonicsmash-ff","title":{"rendered":"SONICSMASH FF"},"content":{"rendered":"<p>La zapatilla SONICSMASH FF se ha dise\u00f1ado para mejorar tus partidos de p\u00e1del y dominar la pista. Est\u00e1 pensada para jugadores que buscan una sujeci\u00f3n, flexibilidad y comodidad excelentes.    La mediasuela FLYTEFOAM renovada y m\u00e1s suave proporciona mayor amortiguaci\u00f3n y un alto retorno de energ\u00eda, sin dejar de ser ligera. La tecnolog\u00eda SPEEDTRUSS , meticulosamente dise\u00f1ada, potencia tu contacto con la pista para que puedas acelerar r\u00e1pidamente.    El dise\u00f1o de la zapatilla es ligero, din\u00e1mico y flexible, y se complementa con una parte superior transpirable para mantener el pie c\u00f3modo durante los partidos.    La suela con estampado de espiga y dise\u00f1o X-GROOVE proporciona agarre, durabilidad y flexibilidad avanzados.                                                                                                                                                                                                                                                                                                                                                                                                                                                                                                                                                                                                                                                                                                                                                                                                                                                                                                                                                                                                                                        <\/p>\n","protected":false},"excerpt":{"rendered":"<p>SONICSMASH FF<\/p>\n","protected":false},"featured_media":61190,"template":"","meta":[],"product_brand":[],"product_cat":[371],"product_tag":[19],"class_list":{"0":"post-49328","1":"product","2":"type-product","3":"status-publish","4":"has-post-thumbnail","6":"product_cat-padel_y_tenis_calzado","7":"product_tag-asics","8":"pa_color-unico","9":"pa_talla-143","10":"pa_talla-37-5","11":"pa_talla-145","12":"pa_talla-147","13":"pa_talla-149","14":"pa_talla-40-5","15":"pa_talla-41-5","16":"thunk-woo-product-list","17":"opn-qv-enable","18":"open-woo-hover-","19":"open-single-product-tab-horizontal","20":"open-shadow-","21":"open-shadow-hover-","23":"first","24":"instock","25":"sale","26":"shipping-taxable","27":"purchasable","28":"product-type-variable"},"jetpack_sharing_enabled":true,"_links":{"self":[{"href":"https:\/\/www.deporteseli.com\/index.php?rest_route=\/wp\/v2\/product\/49328","targetHints":{"allow":["GET"]}}],"collection":[{"href":"https:\/\/www.deporteseli.com\/index.php?rest_route=\/wp\/v2\/product"}],"about":[{"href":"https:\/\/www.deporteseli.com\/index.php?rest_route=\/wp\/v2\/types\/product"}],"wp:featuredmedia":[{"embeddable":true,"href":"https:\/\/www.deporteseli.com\/index.php?rest_route=\/wp\/v2\/media\/61190"}],"wp:attachment":[{"href":"https:\/\/www.deporteseli.com\/index.php?rest_route=%2Fwp%2Fv2%2Fmedia&parent=49328"}],"wp:term":[{"taxonomy":"product_brand","embeddable":true,"href":"https:\/\/www.deporteseli.com\/index.php?rest_route=%2Fwp%2Fv2%2Fproduct_brand&post=49328"},{"taxonomy":"product_cat","embeddable":true,"href":"https:\/\/www.deporteseli.com\/index.php?rest_route=%2Fwp%2Fv2%2Fproduct_cat&post=49328"},{"taxonomy":"product_tag","embeddable":true,"href":"https:\/\/www.deporteseli.com\/index.php?rest_route=%2Fwp%2Fv2%2Fproduct_tag&post=49328"}],"curies":[{"name":"wp","href":"https:\/\/api.w.org\/{rel}","templated":true}]}}