{"id":49282,"date":"2026-01-27T22:23:59","date_gmt":"2026-01-27T22:23:59","guid":{"rendered":"https:\/\/www.deporteseli.com\/?product=mochila-bullpadel-bpm26001-hack-negro"},"modified":"2026-03-19T05:19:46","modified_gmt":"2026-03-19T05:19:46","slug":"mochila-bullpadel-bpm26001-hack-negro","status":"publish","type":"product","link":"https:\/\/www.deporteseli.com\/?product=mochila-bullpadel-bpm26001-hack-negro","title":{"rendered":"MOCHILA BULLPADEL BPM26001 HACK NEGRO"},"content":{"rendered":"<p>Mochila t\u00e9cnica Hack.  Dise\u00f1ada para ofrecer el m\u00e1ximo rendimiento y confort, combina un estilo profesional con materiales de alta calidad.    Medidas: 32x50x22 cm    Composici\u00f3n: Nylon Dobby \/ Neopreno                                                                                                                                                                                                                                                                                                                                                                                                                                                                                                                                                                                                                                                                                                                                                                                                                                                                                                                                                                                                                                        <\/p>\n","protected":false},"excerpt":{"rendered":"<p>MOCHILA BULLPADEL BPM26001 HACK NEGRO<\/p>\n","protected":false},"featured_media":61160,"template":"","meta":[],"product_brand":[],"product_cat":[355],"product_tag":[21],"class_list":{"0":"post-49282","1":"product","2":"type-product","3":"status-publish","4":"has-post-thumbnail","6":"product_cat-padel_y_tenis_mochilas","7":"product_tag-bull_padel","8":"pa_color-unico","9":"pa_talla-unica","10":"thunk-woo-product-list","11":"opn-qv-enable","12":"open-woo-hover-","13":"open-single-product-tab-horizontal","14":"open-shadow-","15":"open-shadow-hover-","17":"first","18":"instock","19":"sale","20":"shipping-taxable","21":"purchasable","22":"product-type-variable"},"jetpack_sharing_enabled":true,"_links":{"self":[{"href":"https:\/\/www.deporteseli.com\/index.php?rest_route=\/wp\/v2\/product\/49282","targetHints":{"allow":["GET"]}}],"collection":[{"href":"https:\/\/www.deporteseli.com\/index.php?rest_route=\/wp\/v2\/product"}],"about":[{"href":"https:\/\/www.deporteseli.com\/index.php?rest_route=\/wp\/v2\/types\/product"}],"wp:featuredmedia":[{"embeddable":true,"href":"https:\/\/www.deporteseli.com\/index.php?rest_route=\/wp\/v2\/media\/61160"}],"wp:attachment":[{"href":"https:\/\/www.deporteseli.com\/index.php?rest_route=%2Fwp%2Fv2%2Fmedia&parent=49282"}],"wp:term":[{"taxonomy":"product_brand","embeddable":true,"href":"https:\/\/www.deporteseli.com\/index.php?rest_route=%2Fwp%2Fv2%2Fproduct_brand&post=49282"},{"taxonomy":"product_cat","embeddable":true,"href":"https:\/\/www.deporteseli.com\/index.php?rest_route=%2Fwp%2Fv2%2Fproduct_cat&post=49282"},{"taxonomy":"product_tag","embeddable":true,"href":"https:\/\/www.deporteseli.com\/index.php?rest_route=%2Fwp%2Fv2%2Fproduct_tag&post=49282"}],"curies":[{"name":"wp","href":"https:\/\/api.w.org\/{rel}","templated":true}]}}