{"id":49278,"date":"2026-01-27T22:23:54","date_gmt":"2026-01-27T22:23:54","guid":{"rendered":"https:\/\/www.deporteseli.com\/?product=paletero-bullpadel-bpp26013-hack-gris-verdoso"},"modified":"2026-03-31T04:18:11","modified_gmt":"2026-03-31T04:18:11","slug":"paletero-bullpadel-bpp26013-hack-gris-verdoso","status":"publish","type":"product","link":"https:\/\/www.deporteseli.com\/?product=paletero-bullpadel-bpp26013-hack-gris-verdoso","title":{"rendered":"PALETERO BULLPADEL BPP26013 HACK GRIS VERDOSO"},"content":{"rendered":"<p>Paletero t\u00e9cnico Hack.  El paletero de los que van con todo. El paletero Hack, es el elegido por Paquito Navarro como complemento a su colecci\u00f3n. Est\u00e1 pensado para jugadores que viven el p\u00e1del con pasi\u00f3n y no dejan nada al azar.    Medidas: 62x30x40 cm    Composici\u00f3n: Nylon Dobby \/ Neopreno                                                                                                                                                                                                                                                                                                                                                                                                                                                                                                                                                                                                                                                                                                                                                                                                                                                                                                                                                                                                                                        <\/p>\n","protected":false},"excerpt":{"rendered":"<p>PALETERO BULLPADEL BPP26013 HACK GRIS VERDOSO<\/p>\n","protected":false},"featured_media":61154,"template":"","meta":[],"product_brand":[],"product_cat":[354],"product_tag":[21],"class_list":{"0":"post-49278","1":"product","2":"type-product","3":"status-publish","4":"has-post-thumbnail","6":"product_cat-padel_y_tenis_paleteros","7":"product_tag-bull_padel","8":"pa_color-unico","9":"pa_talla-unica","10":"thunk-woo-product-list","11":"opn-qv-enable","12":"open-woo-hover-","13":"open-single-product-tab-horizontal","14":"open-shadow-","15":"open-shadow-hover-","17":"first","18":"instock","19":"sale","20":"shipping-taxable","21":"purchasable","22":"product-type-variable"},"jetpack_sharing_enabled":true,"_links":{"self":[{"href":"https:\/\/www.deporteseli.com\/index.php?rest_route=\/wp\/v2\/product\/49278","targetHints":{"allow":["GET"]}}],"collection":[{"href":"https:\/\/www.deporteseli.com\/index.php?rest_route=\/wp\/v2\/product"}],"about":[{"href":"https:\/\/www.deporteseli.com\/index.php?rest_route=\/wp\/v2\/types\/product"}],"wp:featuredmedia":[{"embeddable":true,"href":"https:\/\/www.deporteseli.com\/index.php?rest_route=\/wp\/v2\/media\/61154"}],"wp:attachment":[{"href":"https:\/\/www.deporteseli.com\/index.php?rest_route=%2Fwp%2Fv2%2Fmedia&parent=49278"}],"wp:term":[{"taxonomy":"product_brand","embeddable":true,"href":"https:\/\/www.deporteseli.com\/index.php?rest_route=%2Fwp%2Fv2%2Fproduct_brand&post=49278"},{"taxonomy":"product_cat","embeddable":true,"href":"https:\/\/www.deporteseli.com\/index.php?rest_route=%2Fwp%2Fv2%2Fproduct_cat&post=49278"},{"taxonomy":"product_tag","embeddable":true,"href":"https:\/\/www.deporteseli.com\/index.php?rest_route=%2Fwp%2Fv2%2Fproduct_tag&post=49278"}],"curies":[{"name":"wp","href":"https:\/\/api.w.org\/{rel}","templated":true}]}}