{"id":49274,"date":"2026-01-27T22:23:49","date_gmt":"2026-01-27T22:23:49","guid":{"rendered":"https:\/\/www.deporteseli.com\/?product=short-reebok-100243118"},"modified":"2026-03-05T05:20:29","modified_gmt":"2026-03-05T05:20:29","slug":"short-reebok-100243118","status":"publish","type":"product","link":"https:\/\/www.deporteseli.com\/?product=short-reebok-100243118","title":{"rendered":"SHORT REEBOK 100243118"},"content":{"rendered":"<p>Enfr\u00e9ntate a tus entrenamientos m\u00e1s intensos con estos shorts Reebok de tejido tejido para hombre. Su tejido RBK-DRY, que absorbe el sudor, te mantiene seco durante circuitos y sprints. El corte cl\u00e1sico te ofrece libertad de movimiento sin a\u00f1adir volumen. El cord\u00f3n ajustable en la cintura el\u00e1stica asegura un ajuste perfecto para que puedas concentrarte en darlo todo en tu entrenamiento.                                                                                                                                                                                                                                                                                                                                                                                                                                                                                                                                                                                                                                                                                                                                                                                                                                                                                                                                                                                                                                        <\/p>\n","protected":false},"excerpt":{"rendered":"<p>SHORT REEBOK 100243118<\/p>\n","protected":false},"featured_media":61151,"template":"","meta":[],"product_brand":[],"product_cat":[250],"product_tag":[41],"class_list":{"0":"post-49274","1":"product","2":"type-product","3":"status-publish","4":"has-post-thumbnail","6":"product_cat-hombre_textil_bermudas","7":"product_tag-reebok","8":"pa_color-unico","9":"pa_talla-l","10":"pa_talla-m","11":"pa_talla-s","12":"pa_talla-xl","13":"thunk-woo-product-list","14":"opn-qv-enable","15":"open-woo-hover-","16":"open-single-product-tab-horizontal","17":"open-shadow-","18":"open-shadow-hover-","20":"first","21":"instock","22":"shipping-taxable","23":"purchasable","24":"product-type-variable"},"jetpack_sharing_enabled":true,"_links":{"self":[{"href":"https:\/\/www.deporteseli.com\/index.php?rest_route=\/wp\/v2\/product\/49274","targetHints":{"allow":["GET"]}}],"collection":[{"href":"https:\/\/www.deporteseli.com\/index.php?rest_route=\/wp\/v2\/product"}],"about":[{"href":"https:\/\/www.deporteseli.com\/index.php?rest_route=\/wp\/v2\/types\/product"}],"wp:featuredmedia":[{"embeddable":true,"href":"https:\/\/www.deporteseli.com\/index.php?rest_route=\/wp\/v2\/media\/61151"}],"wp:attachment":[{"href":"https:\/\/www.deporteseli.com\/index.php?rest_route=%2Fwp%2Fv2%2Fmedia&parent=49274"}],"wp:term":[{"taxonomy":"product_brand","embeddable":true,"href":"https:\/\/www.deporteseli.com\/index.php?rest_route=%2Fwp%2Fv2%2Fproduct_brand&post=49274"},{"taxonomy":"product_cat","embeddable":true,"href":"https:\/\/www.deporteseli.com\/index.php?rest_route=%2Fwp%2Fv2%2Fproduct_cat&post=49274"},{"taxonomy":"product_tag","embeddable":true,"href":"https:\/\/www.deporteseli.com\/index.php?rest_route=%2Fwp%2Fv2%2Fproduct_tag&post=49274"}],"curies":[{"name":"wp","href":"https:\/\/api.w.org\/{rel}","templated":true}]}}