{"id":49262,"date":"2026-01-27T22:23:32","date_gmt":"2026-01-27T22:23:32","guid":{"rendered":"https:\/\/www.deporteseli.com\/?product=tenis-reebok-100230838"},"modified":"2026-04-01T04:18:16","modified_gmt":"2026-04-01T04:18:16","slug":"tenis-reebok-100230838","status":"publish","type":"product","link":"https:\/\/www.deporteseli.com\/?product=tenis-reebok-100230838","title":{"rendered":"TENIS REEBOK 100230838"},"content":{"rendered":"<p>\u00danete a un legado de estilo y comodidad con las zapatillas Reebok Classics Glide. Una fusi\u00f3n perfecta de dise\u00f1o cl\u00e1sico y rendimiento moderno, estas zapatillas est\u00e1n hechas para la pr\u00f3xima generaci\u00f3n de creadores de tendencias. Dise\u00f1adas para resistir la energ\u00eda inagotable de ni\u00f1os y ni\u00f1as, las Glide son m\u00e1s que un simple calzado: son las compa\u00f1eras ideales para cada aventura, desde el aula hasta el parque.                                                                                                                                                                                                                                                                                                                                                                                                                                                                                                                                                                                                                                                                                                                                                                                                                                                                                                                                                                                                                                        <\/p>\n","protected":false},"excerpt":{"rendered":"<p>TENIS REEBOK 100230838<\/p>\n","protected":false},"featured_media":61142,"template":"","meta":[],"product_brand":[],"product_cat":[287],"product_tag":[41],"class_list":{"0":"post-49262","1":"product","2":"type-product","3":"status-publish","4":"has-post-thumbnail","6":"product_cat-mujer_calzado_casual","7":"product_tag-reebok","8":"pa_color-unico","9":"pa_talla-141","10":"pa_talla-37-5","11":"pa_talla-38-5","12":"pa_talla-147","13":"thunk-woo-product-list","14":"opn-qv-enable","15":"open-woo-hover-","16":"open-single-product-tab-horizontal","17":"open-shadow-","18":"open-shadow-hover-","20":"first","21":"instock","22":"sale","23":"shipping-taxable","24":"purchasable","25":"product-type-variable"},"jetpack_sharing_enabled":true,"_links":{"self":[{"href":"https:\/\/www.deporteseli.com\/index.php?rest_route=\/wp\/v2\/product\/49262","targetHints":{"allow":["GET"]}}],"collection":[{"href":"https:\/\/www.deporteseli.com\/index.php?rest_route=\/wp\/v2\/product"}],"about":[{"href":"https:\/\/www.deporteseli.com\/index.php?rest_route=\/wp\/v2\/types\/product"}],"wp:featuredmedia":[{"embeddable":true,"href":"https:\/\/www.deporteseli.com\/index.php?rest_route=\/wp\/v2\/media\/61142"}],"wp:attachment":[{"href":"https:\/\/www.deporteseli.com\/index.php?rest_route=%2Fwp%2Fv2%2Fmedia&parent=49262"}],"wp:term":[{"taxonomy":"product_brand","embeddable":true,"href":"https:\/\/www.deporteseli.com\/index.php?rest_route=%2Fwp%2Fv2%2Fproduct_brand&post=49262"},{"taxonomy":"product_cat","embeddable":true,"href":"https:\/\/www.deporteseli.com\/index.php?rest_route=%2Fwp%2Fv2%2Fproduct_cat&post=49262"},{"taxonomy":"product_tag","embeddable":true,"href":"https:\/\/www.deporteseli.com\/index.php?rest_route=%2Fwp%2Fv2%2Fproduct_tag&post=49262"}],"curies":[{"name":"wp","href":"https:\/\/api.w.org\/{rel}","templated":true}]}}