{"id":49244,"date":"2026-01-27T22:23:04","date_gmt":"2026-01-27T22:23:04","guid":{"rendered":"https:\/\/www.deporteseli.com\/?product=gel-cumulus-27-2"},"modified":"2026-02-16T08:08:24","modified_gmt":"2026-02-16T08:08:24","slug":"gel-cumulus-27-2","status":"publish","type":"product","link":"https:\/\/www.deporteseli.com\/?product=gel-cumulus-27-2","title":{"rendered":"GEL-CUMULUS 27"},"content":{"rendered":"<p>La zapatilla de running GEL-CUMULUS 27 es una opci\u00f3n estupenda si buscas una zapatilla con amortiguaci\u00f3n adicional. C\u00f3moda y acolchada, podr\u00e1s correr m\u00e1s lejos y encontrar la calma por el camino.    La tecnolog\u00eda PureGEL de la zapatilla proporciona una mejor absorci\u00f3n de impactos para reducir la presi\u00f3n en las articulaciones. Hemos actualizado el dise\u00f1o de la mediasuela combinando la espuma FF BLAST PLUS con una suela FluidRide para que sientas m\u00e1s comodidad al correr.    \u00bfQu\u00e9 hace que la zapatilla de running GEL-CUMULUS 27 sea tan c\u00f3moda?    La tecnolog\u00eda PureGEL proporciona una mejor absorci\u00f3n de impactos para reducir la presi\u00f3n en las articulaciones.  La espuma FF BLAST PLUS te permite disfrutar de una carrera m\u00e1s suave y c\u00f3moda.  La suela FluidRide es ligera y suaviza las transiciones para disfrutar de mayor comodidad.  \u00bfQu\u00e9 otras cualidades hacen que la zapatilla GEL-CUMULUS 27 sea una gran opci\u00f3n?    El dise\u00f1o de esta zapatilla se centra en la comodidad. Hemos dedicado una infinidad de horas a probarla en nuestro Institute of Sport Science (ISS) en Jap\u00f3n. La zapatilla de running GEL-CUMULUS 27 incluye m\u00e1s caracter\u00edsticas t\u00e9cnicas para ayudarte durante la carrera. Puedes consultarlas a continuaci\u00f3n en la secci\u00f3n  Caracter\u00edsticas t\u00e9cnicas .                                                                                                                                                                                                                                                                                                                                                                                                                                                                                                                                                                                                                                                                                                                                                                                                                                                                                                                                                                                                                                        <\/p>\n","protected":false},"excerpt":{"rendered":"<p>GEL-CUMULUS 27<\/p>\n","protected":false},"featured_media":61130,"template":"","meta":[],"product_brand":[],"product_cat":[285],"product_tag":[19],"class_list":{"0":"post-49244","1":"product","2":"type-product","3":"status-publish","4":"has-post-thumbnail","6":"product_cat-mujer_calzado_running","7":"product_tag-asics","8":"pa_color-unico","9":"pa_talla-37-5","10":"pa_talla-145","11":"pa_talla-147","12":"pa_talla-39-5","13":"pa_talla-149","14":"pa_talla-40-5","15":"thunk-woo-product-list","16":"opn-qv-enable","17":"open-woo-hover-","18":"open-single-product-tab-horizontal","19":"open-shadow-","20":"open-shadow-hover-","22":"first","23":"instock","24":"sale","25":"shipping-taxable","26":"purchasable","27":"product-type-variable"},"jetpack_sharing_enabled":true,"_links":{"self":[{"href":"https:\/\/www.deporteseli.com\/index.php?rest_route=\/wp\/v2\/product\/49244","targetHints":{"allow":["GET"]}}],"collection":[{"href":"https:\/\/www.deporteseli.com\/index.php?rest_route=\/wp\/v2\/product"}],"about":[{"href":"https:\/\/www.deporteseli.com\/index.php?rest_route=\/wp\/v2\/types\/product"}],"wp:featuredmedia":[{"embeddable":true,"href":"https:\/\/www.deporteseli.com\/index.php?rest_route=\/wp\/v2\/media\/61130"}],"wp:attachment":[{"href":"https:\/\/www.deporteseli.com\/index.php?rest_route=%2Fwp%2Fv2%2Fmedia&parent=49244"}],"wp:term":[{"taxonomy":"product_brand","embeddable":true,"href":"https:\/\/www.deporteseli.com\/index.php?rest_route=%2Fwp%2Fv2%2Fproduct_brand&post=49244"},{"taxonomy":"product_cat","embeddable":true,"href":"https:\/\/www.deporteseli.com\/index.php?rest_route=%2Fwp%2Fv2%2Fproduct_cat&post=49244"},{"taxonomy":"product_tag","embeddable":true,"href":"https:\/\/www.deporteseli.com\/index.php?rest_route=%2Fwp%2Fv2%2Fproduct_tag&post=49244"}],"curies":[{"name":"wp","href":"https:\/\/api.w.org\/{rel}","templated":true}]}}