{"id":49237,"date":"2026-01-27T22:22:55","date_gmt":"2026-01-27T22:22:55","guid":{"rendered":"https:\/\/www.deporteseli.com\/?product=novablast-5-2"},"modified":"2026-02-16T08:08:22","modified_gmt":"2026-02-16T08:08:22","slug":"novablast-5-2","status":"publish","type":"product","link":"https:\/\/www.deporteseli.com\/?product=novablast-5-2","title":{"rendered":"NOVABLAST 5"},"content":{"rendered":"<p>La zapatilla de running NOVABLAST 5 es una opci\u00f3n estupenda si buscas una zapatilla con m\u00e1s reactividad. Ligera y con m\u00e1s recuperaci\u00f3n de energ\u00eda que la versi\u00f3n anterior, se ha dise\u00f1ado para ayudarte a correr m\u00e1s r\u00e1pido. Podr\u00e1s sentir la energ\u00eda a cada paso que des. A nadie le sorprende que sea la zapatilla de entrenamiento preferida entre los deportistas.    La espuma FF BLAST MAX favorece una carrera m\u00e1s suave y en\u00e9rgica y proporciona mayor reactividad gracias a la suela, inspirada en una cama el\u00e1stica. Presenta un dise\u00f1o y ajuste \u00fanicos. Y la mediasuela facilita un mayor retorno de energ\u00eda durante la carrera.    \u00bfQu\u00e9 le da a la zapatilla de running NOVABLAST 5 m\u00e1s reactividad?    La espuma FF BLAST MAX favorece una carrera m\u00e1s suave y en\u00e9rgica.  El dise\u00f1o de la suela, inspirado en una cama el\u00e1stica, proporciona m\u00e1s reactividad.  La mediasuela y su dise\u00f1o con una geometr\u00eda \u00fanica garantizan una recuperaci\u00f3n de energ\u00eda adicional.    \u00bfQu\u00e9 otras cualidades hacen que la zapatilla NOVABLAST 5 sea una gran opci\u00f3n?    El dise\u00f1o de esta zapatilla se centra en la recuperaci\u00f3n de energ\u00eda. Hemos dedicado una infinidad de horas a probarla en nuestro Institute of Sport Science (ISS) en Jap\u00f3n. La zapatilla de running NOVABLAST 5 incluye m\u00e1s caracter\u00edsticas t\u00e9cnicas para ayudarte durante la carrera. Puedes consultarlas a continuaci\u00f3n en la secci\u00f3n  Caracter\u00edsticas t\u00e9cnicas .                                                                                                                                                                                                                                                                                                                                                                                                                                                                                                                                                                                                                                                                                                                                                                                                                                                                                                                                                                                                                                        <\/p>\n","protected":false},"excerpt":{"rendered":"<p>NOVABLAST 5<\/p>\n","protected":false},"featured_media":61126,"template":"","meta":[],"product_brand":[],"product_cat":[285],"product_tag":[19],"class_list":{"0":"post-49237","1":"product","2":"type-product","3":"status-publish","4":"has-post-thumbnail","6":"product_cat-mujer_calzado_running","7":"product_tag-asics","8":"pa_color-unico","9":"pa_talla-37-5","10":"pa_talla-145","11":"pa_talla-147","12":"pa_talla-39-5","13":"pa_talla-40-5","14":"pa_talla-41-5","15":"thunk-woo-product-list","16":"opn-qv-enable","17":"open-woo-hover-","18":"open-single-product-tab-horizontal","19":"open-shadow-","20":"open-shadow-hover-","22":"first","23":"instock","24":"sale","25":"shipping-taxable","26":"purchasable","27":"product-type-variable"},"jetpack_sharing_enabled":true,"_links":{"self":[{"href":"https:\/\/www.deporteseli.com\/index.php?rest_route=\/wp\/v2\/product\/49237","targetHints":{"allow":["GET"]}}],"collection":[{"href":"https:\/\/www.deporteseli.com\/index.php?rest_route=\/wp\/v2\/product"}],"about":[{"href":"https:\/\/www.deporteseli.com\/index.php?rest_route=\/wp\/v2\/types\/product"}],"wp:featuredmedia":[{"embeddable":true,"href":"https:\/\/www.deporteseli.com\/index.php?rest_route=\/wp\/v2\/media\/61126"}],"wp:attachment":[{"href":"https:\/\/www.deporteseli.com\/index.php?rest_route=%2Fwp%2Fv2%2Fmedia&parent=49237"}],"wp:term":[{"taxonomy":"product_brand","embeddable":true,"href":"https:\/\/www.deporteseli.com\/index.php?rest_route=%2Fwp%2Fv2%2Fproduct_brand&post=49237"},{"taxonomy":"product_cat","embeddable":true,"href":"https:\/\/www.deporteseli.com\/index.php?rest_route=%2Fwp%2Fv2%2Fproduct_cat&post=49237"},{"taxonomy":"product_tag","embeddable":true,"href":"https:\/\/www.deporteseli.com\/index.php?rest_route=%2Fwp%2Fv2%2Fproduct_tag&post=49237"}],"curies":[{"name":"wp","href":"https:\/\/api.w.org\/{rel}","templated":true}]}}