{"id":49209,"date":"2026-01-27T22:22:20","date_gmt":"2026-01-27T22:22:20","guid":{"rendered":"https:\/\/www.deporteseli.com\/?product=canilleras-adidas-jd6025"},"modified":"2026-01-27T22:22:21","modified_gmt":"2026-01-27T22:22:21","slug":"canilleras-adidas-jd6025","status":"publish","type":"product","link":"https:\/\/www.deporteseli.com\/?product=canilleras-adidas-jd6025","title":{"rendered":"CANILLERAS ADIDAS JD6025"},"content":{"rendered":"<p>Espinilleras flexibles de una serie cl\u00e1sica del f\u00fatbol.  Tiro es sin\u00f3nimo de confort y rendimiento en el terreno de juego. Dise\u00f1adas para adaptarse al contorno de tus piernas, estas espinilleras adidas League incorporan unas medias de compresi\u00f3n que mantienen la placa protectora flexible en su sitio hasta el pitido final. El refuerzo interior de espuma perforada aporta ligereza y ayuda a absorber los impactos en los momentos m\u00e1s intensos del partido.  100 % estireno-butadieno  Refuerzo de espuma perforada  Protector flexible  Dise\u00f1o asim\u00e9trico  Incluyen medias de compresi\u00f3n  Color del art\u00edculo: Lucid Lemon \/ White \/ Lime Burst  N\u00famero de art\u00edculo: JD6025                                                                                                                                                                                                                                                                                                                                                                                                                                                                                                                                                                                                                                                                                                                                                                                                                                                                                                                                                                                                                                        <\/p>\n","protected":false},"excerpt":{"rendered":"<p>CANILLERAS ADIDAS JD6025<\/p>\n","protected":false},"featured_media":61110,"template":"","meta":[],"product_brand":[],"product_cat":[324],"product_tag":[18],"class_list":{"0":"post-49209","1":"product","2":"type-product","3":"status-publish","4":"has-post-thumbnail","6":"product_cat-deportes_futbol_canilleras","7":"product_tag-adidas","8":"pa_color-unico","9":"pa_talla-l","10":"thunk-woo-product-list","11":"opn-qv-enable","12":"open-woo-hover-","13":"open-single-product-tab-horizontal","14":"open-shadow-","15":"open-shadow-hover-","17":"first","18":"instock","19":"shipping-taxable","20":"purchasable","21":"product-type-variable"},"jetpack_sharing_enabled":true,"_links":{"self":[{"href":"https:\/\/www.deporteseli.com\/index.php?rest_route=\/wp\/v2\/product\/49209","targetHints":{"allow":["GET"]}}],"collection":[{"href":"https:\/\/www.deporteseli.com\/index.php?rest_route=\/wp\/v2\/product"}],"about":[{"href":"https:\/\/www.deporteseli.com\/index.php?rest_route=\/wp\/v2\/types\/product"}],"wp:featuredmedia":[{"embeddable":true,"href":"https:\/\/www.deporteseli.com\/index.php?rest_route=\/wp\/v2\/media\/61110"}],"wp:attachment":[{"href":"https:\/\/www.deporteseli.com\/index.php?rest_route=%2Fwp%2Fv2%2Fmedia&parent=49209"}],"wp:term":[{"taxonomy":"product_brand","embeddable":true,"href":"https:\/\/www.deporteseli.com\/index.php?rest_route=%2Fwp%2Fv2%2Fproduct_brand&post=49209"},{"taxonomy":"product_cat","embeddable":true,"href":"https:\/\/www.deporteseli.com\/index.php?rest_route=%2Fwp%2Fv2%2Fproduct_cat&post=49209"},{"taxonomy":"product_tag","embeddable":true,"href":"https:\/\/www.deporteseli.com\/index.php?rest_route=%2Fwp%2Fv2%2Fproduct_tag&post=49209"}],"curies":[{"name":"wp","href":"https:\/\/api.w.org\/{rel}","templated":true}]}}