{"id":49201,"date":"2026-01-27T22:22:09","date_gmt":"2026-01-27T22:22:09","guid":{"rendered":"https:\/\/www.deporteseli.com\/?product=pala-nox-edu-alon-hybrid-12k-26"},"modified":"2026-02-17T05:19:24","modified_gmt":"2026-02-17T05:19:24","slug":"pala-nox-edu-alon-hybrid-12k-26","status":"publish","type":"product","link":"https:\/\/www.deporteseli.com\/?product=pala-nox-edu-alon-hybrid-12k-26","title":{"rendered":"PALA NOX EDU ALON. HYBRID 12K\/26"},"content":{"rendered":"<p>Descripci\u00f3n  La Pala de Padel Nox Ea10 Ventus Hybrid 12K Xtrem By Edu Alonso es una elecci\u00f3n premium para jugadores profesionales.  Con un peso que var\u00eda entre 360 y 375 gramos, esta pala ofrece un equilibrio perfecto entre control y potencia.  Su marco est\u00e1 fabricado en carbono de alta calidad y cuenta con un n\u00facleo de MLD Black Eva que proporciona una excelente absorci\u00f3n de impactos.  La cara de Carbon Fiber 12K Xtrem garantiza una durabilidad superior y potencia maximizada, mientras que su superficie Dual Spin permite efectos impresionantes en cada golpe.  Dise\u00f1ada en forma de gota o l\u00e1grima, se adapta a diferentes estilos de juego.  Su tacto intermedio-duro brinda una buena sensibilidad, ideal para aquellos que buscan versatilidad en la cancha.  Si buscas una pala polivalente que te acompa\u00f1e en cada partido, la Nox Ea10 Ventus Hybrid es la opci\u00f3n perfecta para ti.    Caracter\u00edsticas  Pala  Peso: 360 375g  Ancho: 38 mm  Marco: Carbono  N\u00facleo: MLD Black Eva  Cara: Carbon Fiber 12K Xtrem  Superficie: Dual Spin  Forma: Gota \/ L\u00e1grima  Nivel:Profesional  Tacto: IntermedioDuro  Estilo: Polivalente                                                                                                                                                                                                                                                                                                                                                                                                                                                                                                                                                                                                                                                                                                                                                                                                                                                                                                                                                                                                                                        <\/p>\n","protected":false},"excerpt":{"rendered":"<p>PALA NOX EDU ALON. HYBRID 12K\/26<\/p>\n","protected":false},"featured_media":61092,"template":"","meta":[],"product_brand":[],"product_cat":[353],"product_tag":[33],"class_list":{"0":"post-49201","1":"product","2":"type-product","3":"status-publish","4":"has-post-thumbnail","6":"product_cat-padel_y_tenis_palas","7":"product_tag-nox","8":"pa_color-unico","9":"pa_talla-unica","10":"thunk-woo-product-list","11":"opn-qv-enable","12":"open-woo-hover-","13":"open-single-product-tab-horizontal","14":"open-shadow-","15":"open-shadow-hover-","17":"first","18":"instock","19":"sale","20":"shipping-taxable","21":"purchasable","22":"product-type-variable"},"jetpack_sharing_enabled":true,"_links":{"self":[{"href":"https:\/\/www.deporteseli.com\/index.php?rest_route=\/wp\/v2\/product\/49201","targetHints":{"allow":["GET"]}}],"collection":[{"href":"https:\/\/www.deporteseli.com\/index.php?rest_route=\/wp\/v2\/product"}],"about":[{"href":"https:\/\/www.deporteseli.com\/index.php?rest_route=\/wp\/v2\/types\/product"}],"wp:featuredmedia":[{"embeddable":true,"href":"https:\/\/www.deporteseli.com\/index.php?rest_route=\/wp\/v2\/media\/61092"}],"wp:attachment":[{"href":"https:\/\/www.deporteseli.com\/index.php?rest_route=%2Fwp%2Fv2%2Fmedia&parent=49201"}],"wp:term":[{"taxonomy":"product_brand","embeddable":true,"href":"https:\/\/www.deporteseli.com\/index.php?rest_route=%2Fwp%2Fv2%2Fproduct_brand&post=49201"},{"taxonomy":"product_cat","embeddable":true,"href":"https:\/\/www.deporteseli.com\/index.php?rest_route=%2Fwp%2Fv2%2Fproduct_cat&post=49201"},{"taxonomy":"product_tag","embeddable":true,"href":"https:\/\/www.deporteseli.com\/index.php?rest_route=%2Fwp%2Fv2%2Fproduct_tag&post=49201"}],"curies":[{"name":"wp","href":"https:\/\/api.w.org\/{rel}","templated":true}]}}