{"id":49197,"date":"2026-01-27T22:22:03","date_gmt":"2026-01-27T22:22:03","guid":{"rendered":"https:\/\/www.deporteseli.com\/?product=pala-nox-tapia-at10-attack-18k-26"},"modified":"2026-01-27T22:22:05","modified_gmt":"2026-01-27T22:22:05","slug":"pala-nox-tapia-at10-attack-18k-26","status":"publish","type":"product","link":"https:\/\/www.deporteseli.com\/?product=pala-nox-tapia-at10-attack-18k-26","title":{"rendered":"PALA NOX TAPIA AT10 ATTACK 18K 26"},"content":{"rendered":"<p>Descripci\u00f3n  La nueva AT10 Genius Attack 18K Alum 2026 llega renovada para los jugadores m\u00e1s agresivos que buscan m\u00e1xima potencia sin perder precisi\u00f3n. Con su formato diamante, balance alto y un pu\u00f1o m\u00e1s largo es la pala perfecta para dominar el juego ofensivo.    Esta temporada la hemos dise\u00f1ado con nuevo molde mejorado y como principal novedad destacamos el Weight Balance, sistema de contrapesos que permite ajustar el balance a tu gusto. Tambi\u00e9n destaca el coraz\u00f3n de la pala con la innovadora Chromic Paint, que reacciona a la luz y cambia de color, as\u00ed como la superficie Dual Spin para maximizar los efectos. Todo ello sumado a la estructura de carbono 18K aluminizado y el n\u00facleo MLD Black Eva, que garantizan una sensaci\u00f3n s\u00f3lida, c\u00f3moda y un rendimiento constante en cualquier condici\u00f3n de juego.                                                                                                                                                                                                                                                                                                                                                                                                                                                                                                                                                                                                                                                                                                                                                                                                                                                                                                                                                                                                                                        <\/p>\n","protected":false},"excerpt":{"rendered":"<p>PALA NOX TAPIA AT10 ATTACK 18K 26<\/p>\n","protected":false},"featured_media":61082,"template":"","meta":[],"product_brand":[],"product_cat":[353],"product_tag":[33],"class_list":{"0":"post-49197","1":"product","2":"type-product","3":"status-publish","4":"has-post-thumbnail","6":"product_cat-padel_y_tenis_palas","7":"product_tag-nox","8":"pa_color-unico","9":"pa_talla-unica","10":"thunk-woo-product-list","11":"opn-qv-enable","12":"open-woo-hover-","13":"open-single-product-tab-horizontal","14":"open-shadow-","15":"open-shadow-hover-","17":"first","18":"instock","19":"sale","20":"shipping-taxable","21":"purchasable","22":"product-type-variable"},"jetpack_sharing_enabled":true,"_links":{"self":[{"href":"https:\/\/www.deporteseli.com\/index.php?rest_route=\/wp\/v2\/product\/49197","targetHints":{"allow":["GET"]}}],"collection":[{"href":"https:\/\/www.deporteseli.com\/index.php?rest_route=\/wp\/v2\/product"}],"about":[{"href":"https:\/\/www.deporteseli.com\/index.php?rest_route=\/wp\/v2\/types\/product"}],"wp:featuredmedia":[{"embeddable":true,"href":"https:\/\/www.deporteseli.com\/index.php?rest_route=\/wp\/v2\/media\/61082"}],"wp:attachment":[{"href":"https:\/\/www.deporteseli.com\/index.php?rest_route=%2Fwp%2Fv2%2Fmedia&parent=49197"}],"wp:term":[{"taxonomy":"product_brand","embeddable":true,"href":"https:\/\/www.deporteseli.com\/index.php?rest_route=%2Fwp%2Fv2%2Fproduct_brand&post=49197"},{"taxonomy":"product_cat","embeddable":true,"href":"https:\/\/www.deporteseli.com\/index.php?rest_route=%2Fwp%2Fv2%2Fproduct_cat&post=49197"},{"taxonomy":"product_tag","embeddable":true,"href":"https:\/\/www.deporteseli.com\/index.php?rest_route=%2Fwp%2Fv2%2Fproduct_tag&post=49197"}],"curies":[{"name":"wp","href":"https:\/\/api.w.org\/{rel}","templated":true}]}}