{"id":49194,"date":"2026-01-27T22:22:00","date_gmt":"2026-01-27T22:22:00","guid":{"rendered":"https:\/\/www.deporteseli.com\/?product=nox-tapia-at10-genius-18k-alum-26"},"modified":"2026-04-07T04:18:22","modified_gmt":"2026-04-07T04:18:22","slug":"nox-tapia-at10-genius-18k-alum-26","status":"publish","type":"product","link":"https:\/\/www.deporteseli.com\/?product=nox-tapia-at10-genius-18k-alum-26","title":{"rendered":"NOX TAPIA AT10 GENIUS 18K ALUM 26"},"content":{"rendered":"<p>Descripci\u00f3n  La nueva AT10 Genius 18K Alum para la temporada 2026 eleva el list\u00f3n de la innovaci\u00f3n, evolucionando la pala con la que Agust\u00edn Tapia alcanz\u00f3 la cima del p\u00e1del mundial con un nuevo molde. Este a\u00f1o el viol\u00edn del Mozart de Catamarca incorpora el revolucionario sistema de contrapesos Weight Balance, que permite ajustar el balance de la pala a tu estilo de juego, ofreciendo una experiencia 100% personalizable.    Como gran novedad est\u00e9tica, la pala estrena la Chromic Paint, una pintura reactiva en el coraz\u00f3n que se sincroniza con el color de la goma ofreciendo una apariencia armoniosa y llamativa en pista. Adem\u00e1s, la nueva superficie Dual Spin combina textura 3D y acabado en arena de s\u00edlice en toda la cara de la pala, maximizando la generaci\u00f3n de efectos sin comprometer la durabilidad de los materiales.  CARBON 18K ALUM  Carbono 18K Aluminizado que otorga un tacto s\u00f3lido y confortable y un rendimiento m\u00e1s homog\u00e9neo ante los cambios de temperatura.  WEIGHT BALANCE  Sistema de contrapesos intercambiables que permite ajustar el peso y el balance de la pala seg\u00fan las preferencias del jugador. Incorpora piezas de 2g y 4g de f\u00e1cil colocaci\u00f3n y es compatible con el uso de protectores de marco.  DUAL SPIN  Evoluci\u00f3n de nuestras tecnolog\u00edas de superficie rugosa con textura 3D y acabado en arena de silice de bajo gramaje superpuestos en toda la cara de la pala. Esta doble rugosidad combinada maximiza todav\u00eda m\u00e1s la generaci\u00f3n de efectos, sin comprometer la durabilidad de los materiales.                                                                                                                                                                                                                                                                                                                                                                                                                                                                                                                                                                                                                                                                                                                                                                                                                                                                                                                                                                                                                                        <\/p>\n","protected":false},"excerpt":{"rendered":"<p>NOX TAPIA AT10 GENIUS 18K ALUM 26<\/p>\n","protected":false},"featured_media":61078,"template":"","meta":[],"product_brand":[],"product_cat":[353],"product_tag":[33],"class_list":{"0":"post-49194","1":"product","2":"type-product","3":"status-publish","4":"has-post-thumbnail","6":"product_cat-padel_y_tenis_palas","7":"product_tag-nox","8":"pa_color-unico","9":"pa_talla-t-12","10":"pa_talla-unica","11":"thunk-woo-product-list","12":"opn-qv-enable","13":"open-woo-hover-","14":"open-single-product-tab-horizontal","15":"open-shadow-","16":"open-shadow-hover-","18":"first","19":"instock","20":"sale","21":"shipping-taxable","22":"purchasable","23":"product-type-variable"},"jetpack_sharing_enabled":true,"_links":{"self":[{"href":"https:\/\/www.deporteseli.com\/index.php?rest_route=\/wp\/v2\/product\/49194","targetHints":{"allow":["GET"]}}],"collection":[{"href":"https:\/\/www.deporteseli.com\/index.php?rest_route=\/wp\/v2\/product"}],"about":[{"href":"https:\/\/www.deporteseli.com\/index.php?rest_route=\/wp\/v2\/types\/product"}],"wp:featuredmedia":[{"embeddable":true,"href":"https:\/\/www.deporteseli.com\/index.php?rest_route=\/wp\/v2\/media\/61078"}],"wp:attachment":[{"href":"https:\/\/www.deporteseli.com\/index.php?rest_route=%2Fwp%2Fv2%2Fmedia&parent=49194"}],"wp:term":[{"taxonomy":"product_brand","embeddable":true,"href":"https:\/\/www.deporteseli.com\/index.php?rest_route=%2Fwp%2Fv2%2Fproduct_brand&post=49194"},{"taxonomy":"product_cat","embeddable":true,"href":"https:\/\/www.deporteseli.com\/index.php?rest_route=%2Fwp%2Fv2%2Fproduct_cat&post=49194"},{"taxonomy":"product_tag","embeddable":true,"href":"https:\/\/www.deporteseli.com\/index.php?rest_route=%2Fwp%2Fv2%2Fproduct_tag&post=49194"}],"curies":[{"name":"wp","href":"https:\/\/api.w.org\/{rel}","templated":true}]}}