{"id":49192,"date":"2026-01-27T22:21:57","date_gmt":"2026-01-27T22:21:57","guid":{"rendered":"https:\/\/www.deporteseli.com\/?product=nox-tapia-at10-genius-12k-alum-extrem-26"},"modified":"2026-04-14T04:18:27","modified_gmt":"2026-04-14T04:18:27","slug":"nox-tapia-at10-genius-12k-alum-extrem-26","status":"publish","type":"product","link":"https:\/\/www.deporteseli.com\/?product=nox-tapia-at10-genius-12k-alum-extrem-26","title":{"rendered":"NOX TAPIA AT10 GENIUS 12K ALUM EXTREM 26"},"content":{"rendered":"<p>Descripci\u00f3n  La AT10 12K Alum XTREM 2026 ha sido dise\u00f1ada junto con Agust\u00edn Tapia pensando en jugadores que buscan un tacto m\u00e1s s\u00f3lido, el equilibrio perfecto entre gran potencia y control.    Hemos renovado el molde y a nivel de innovaci\u00f3n tecnol\u00f3gica destacamos las principales de toda la nueva colecci\u00f3n AT10: el sistema de contrapesos Weight Balance para ajustar el balance de la pala, la pintura reactiva Chromic Paint y la superficie Dual Spin, que maximiza la generaci\u00f3n de efectos. Este modelo incorpora el nuevo carbono 12K Alum Xtrem, que aporta mayor sensaci\u00f3n de rigidez en el golpeo, durabilidad y un rendimiento estable incluso frente a grandes cambios de temperatura  CARBON 12K ALUM XTREM  Carbono que reduce en un 50% la ondulaci\u00f3n y el entrelazado de fibras, logrando una superficie una superficie m\u00e1s fina, lisa y uniforme. Ofrece mayor rigidez, un acabado m\u00e1s limpio y duradero, y gracias al aluminizado, mantiene un rendimiento constante frente a los cambios de temperatura.  WEIGHT BALANCE  Sistema de contrapesos intercambiables que permite ajustar el peso y el balance de la pala seg\u00fan las preferencias del jugador. Incorpora piezas de 2g y 4g de f\u00e1cil colocaci\u00f3n y es compatible con el uso de protectores de marco.  DUAL SPIN  Evoluci\u00f3n de nuestras tecnolog\u00edas de superficie rugosa con textura 3D y acabado en arena de silice de bajo gramaje superpuestos en toda la cara de la pala. Esta doble rugosidad combinada maximiza todav\u00eda m\u00e1s la generaci\u00f3n de efectos, sin comprometer la durabilidad de los materiales.                                                                                                                                                                                                                                                                                                                                                                                                                                                                                                                                                                                                                                                                                                                                                                                                                                                                                                                                                                                                                                        <\/p>\n","protected":false},"excerpt":{"rendered":"<p>NOX TAPIA AT10 GENIUS 12K ALUM EXTREM 26<\/p>\n","protected":false},"featured_media":61077,"template":"","meta":[],"product_brand":[],"product_cat":[353],"product_tag":[33],"class_list":{"0":"post-49192","1":"product","2":"type-product","3":"status-publish","4":"has-post-thumbnail","6":"product_cat-padel_y_tenis_palas","7":"product_tag-nox","8":"pa_color-unico","9":"pa_talla-unica","10":"thunk-woo-product-list","11":"opn-qv-enable","12":"open-woo-hover-","13":"open-single-product-tab-horizontal","14":"open-shadow-","15":"open-shadow-hover-","17":"first","18":"instock","19":"sale","20":"shipping-taxable","21":"purchasable","22":"product-type-variable"},"jetpack_sharing_enabled":true,"_links":{"self":[{"href":"https:\/\/www.deporteseli.com\/index.php?rest_route=\/wp\/v2\/product\/49192","targetHints":{"allow":["GET"]}}],"collection":[{"href":"https:\/\/www.deporteseli.com\/index.php?rest_route=\/wp\/v2\/product"}],"about":[{"href":"https:\/\/www.deporteseli.com\/index.php?rest_route=\/wp\/v2\/types\/product"}],"wp:featuredmedia":[{"embeddable":true,"href":"https:\/\/www.deporteseli.com\/index.php?rest_route=\/wp\/v2\/media\/61077"}],"wp:attachment":[{"href":"https:\/\/www.deporteseli.com\/index.php?rest_route=%2Fwp%2Fv2%2Fmedia&parent=49192"}],"wp:term":[{"taxonomy":"product_brand","embeddable":true,"href":"https:\/\/www.deporteseli.com\/index.php?rest_route=%2Fwp%2Fv2%2Fproduct_brand&post=49192"},{"taxonomy":"product_cat","embeddable":true,"href":"https:\/\/www.deporteseli.com\/index.php?rest_route=%2Fwp%2Fv2%2Fproduct_cat&post=49192"},{"taxonomy":"product_tag","embeddable":true,"href":"https:\/\/www.deporteseli.com\/index.php?rest_route=%2Fwp%2Fv2%2Fproduct_tag&post=49192"}],"curies":[{"name":"wp","href":"https:\/\/api.w.org\/{rel}","templated":true}]}}