{"id":49180,"date":"2026-01-27T22:21:43","date_gmt":"2026-01-27T22:21:43","guid":{"rendered":"https:\/\/www.deporteseli.com\/?product=botas-adidas-jh7729"},"modified":"2026-04-12T04:17:45","modified_gmt":"2026-04-12T04:17:45","slug":"botas-adidas-jh7729","status":"publish","type":"product","link":"https:\/\/www.deporteseli.com\/?product=botas-adidas-jh7729","title":{"rendered":"BOTAS ADIDAS JH7729"},"content":{"rendered":"<p>Descripci\u00f3n  Deja que tu velocidad hable por ti en el terreno de juego. Siente la adrenalina con las botas adidas F50: un dise\u00f1o imparable. Estas botas de f\u00fatbol League presentan una parte superior Fiberskin con un llamativo estampado Sprintgrid y una leng\u00fceta envolvente que se ajusta al tobillo, ofreci\u00e9ndote una sujeci\u00f3n imbatible. La suela ligera proporciona una aceleraci\u00f3n significativa en las \u00faltimas generaciones de c\u00e9sped artificial.                                                                                                                                                                                                                                                                                                                                                                                                                                                                                                                                                                                                                                                                                                                                                                                                                                                                                                                                                                                                                                        <\/p>\n","protected":false},"excerpt":{"rendered":"<p>BOTAS ADIDAS JH7729<\/p>\n","protected":false},"featured_media":61072,"template":"","meta":[],"product_brand":[],"product_cat":[318],"product_tag":[18],"class_list":{"0":"post-49180","1":"product","2":"type-product","3":"status-publish","4":"has-post-thumbnail","6":"product_cat-deportes_futbol_botas","7":"product_tag-adidas","8":"pa_color-unico","9":"pa_talla-39-5","10":"pa_talla-149","11":"pa_talla-40-5","12":"pa_talla-153","13":"pa_talla-42-5","14":"pa_talla-43-5","15":"pa_talla-157","16":"pa_talla-44-5","17":"pa_talla-45-5","18":"pa_talla-161","19":"pa_talla-46-5","20":"thunk-woo-product-list","21":"opn-qv-enable","22":"open-woo-hover-","23":"open-single-product-tab-horizontal","24":"open-shadow-","25":"open-shadow-hover-","27":"first","28":"instock","29":"sale","30":"shipping-taxable","31":"purchasable","32":"product-type-variable"},"jetpack_sharing_enabled":true,"_links":{"self":[{"href":"https:\/\/www.deporteseli.com\/index.php?rest_route=\/wp\/v2\/product\/49180","targetHints":{"allow":["GET"]}}],"collection":[{"href":"https:\/\/www.deporteseli.com\/index.php?rest_route=\/wp\/v2\/product"}],"about":[{"href":"https:\/\/www.deporteseli.com\/index.php?rest_route=\/wp\/v2\/types\/product"}],"wp:featuredmedia":[{"embeddable":true,"href":"https:\/\/www.deporteseli.com\/index.php?rest_route=\/wp\/v2\/media\/61072"}],"wp:attachment":[{"href":"https:\/\/www.deporteseli.com\/index.php?rest_route=%2Fwp%2Fv2%2Fmedia&parent=49180"}],"wp:term":[{"taxonomy":"product_brand","embeddable":true,"href":"https:\/\/www.deporteseli.com\/index.php?rest_route=%2Fwp%2Fv2%2Fproduct_brand&post=49180"},{"taxonomy":"product_cat","embeddable":true,"href":"https:\/\/www.deporteseli.com\/index.php?rest_route=%2Fwp%2Fv2%2Fproduct_cat&post=49180"},{"taxonomy":"product_tag","embeddable":true,"href":"https:\/\/www.deporteseli.com\/index.php?rest_route=%2Fwp%2Fv2%2Fproduct_tag&post=49180"}],"curies":[{"name":"wp","href":"https:\/\/api.w.org\/{rel}","templated":true}]}}