{"id":49178,"date":"2026-01-27T22:21:40","date_gmt":"2026-01-27T22:21:40","guid":{"rendered":"https:\/\/www.deporteseli.com\/?product=pala-bullpadel-vertex-05-cmf"},"modified":"2026-01-27T22:21:42","modified_gmt":"2026-01-27T22:21:42","slug":"pala-bullpadel-vertex-05-cmf","status":"publish","type":"product","link":"https:\/\/www.deporteseli.com\/?product=pala-bullpadel-vertex-05-cmf","title":{"rendered":"PALA BULLPADEL VERTEX 05 CMF"},"content":{"rendered":"<p>Vertex 05 Comfort, ligera para moverte con libertad y jugar con naturalidad, \u00e1gil para reaccionar al instante y estable para cada golpe, es una pala total: ataque, defensa, manejo, reactividad\u2026 un juego sin fronteras. Cada reflejo, cada decisi\u00f3n, cada punto\u2026 Vertex 05 Comfort responde tal y como lo piensas.    Nacida de un proceso de mejora continua y de la obsesi\u00f3n por alcanzar la perfecci\u00f3n, cada detalle ha sido perfeccionado para ofrecer comodidad, y rendimiento, adapt\u00e1ndose a tu estilo y potenciando tu juego sin esfuerzo.    Tecnolog\u00eda y dise\u00f1o se combinan para que cada golpe fluya con naturalidad, convirtiendo tu juego en algo comfortable, efectivo, y vers\u00e1til teniendo respuesta a todo lo que te propongan.    Nueva Vertex 05 Comfort. Total Play.    Tecnolog\u00edas: Curv:aktiv, Air Power, Vertex Core, Ease Vibe, Custom Weight, Top Spin, Fibrix, Multieva, Carbontube.     \u2022 Peso aprox: 360-370 g    \u2022 Perfil: 38 mm    \u2022 Balance: \u02dc 25,4    \u2022 Superficie de juego: 530 cm\u00b2    \u2022 Forma: Diamante    \u2022 Comp. exterior: Fibrix    \u2022 Comp. interior: Multieva    \u2022 Rugoso: Top Spin    \u2022 Nivel: Avanzado    \u2022 Ideal Para: Juego Polivalente                                                                                                                                                                                                                                                                                                                                                                                                                                                                                                                                                                                                                                                                                                                                                                                                                                                                                                                                                                                                                                        <\/p>\n","protected":false},"excerpt":{"rendered":"<p>PALA BULLPADEL VERTEX 05 CMF<\/p>\n","protected":false},"featured_media":61066,"template":"","meta":[],"product_brand":[],"product_cat":[353],"product_tag":[21],"class_list":{"0":"post-49178","1":"product","2":"type-product","3":"status-publish","4":"has-post-thumbnail","6":"product_cat-padel_y_tenis_palas","7":"product_tag-bull_padel","8":"pa_color-unico","9":"pa_talla-unica","10":"thunk-woo-product-list","11":"opn-qv-enable","12":"open-woo-hover-","13":"open-single-product-tab-horizontal","14":"open-shadow-","15":"open-shadow-hover-","17":"first","18":"instock","19":"sale","20":"shipping-taxable","21":"purchasable","22":"product-type-variable"},"jetpack_sharing_enabled":true,"_links":{"self":[{"href":"https:\/\/www.deporteseli.com\/index.php?rest_route=\/wp\/v2\/product\/49178","targetHints":{"allow":["GET"]}}],"collection":[{"href":"https:\/\/www.deporteseli.com\/index.php?rest_route=\/wp\/v2\/product"}],"about":[{"href":"https:\/\/www.deporteseli.com\/index.php?rest_route=\/wp\/v2\/types\/product"}],"wp:featuredmedia":[{"embeddable":true,"href":"https:\/\/www.deporteseli.com\/index.php?rest_route=\/wp\/v2\/media\/61066"}],"wp:attachment":[{"href":"https:\/\/www.deporteseli.com\/index.php?rest_route=%2Fwp%2Fv2%2Fmedia&parent=49178"}],"wp:term":[{"taxonomy":"product_brand","embeddable":true,"href":"https:\/\/www.deporteseli.com\/index.php?rest_route=%2Fwp%2Fv2%2Fproduct_brand&post=49178"},{"taxonomy":"product_cat","embeddable":true,"href":"https:\/\/www.deporteseli.com\/index.php?rest_route=%2Fwp%2Fv2%2Fproduct_cat&post=49178"},{"taxonomy":"product_tag","embeddable":true,"href":"https:\/\/www.deporteseli.com\/index.php?rest_route=%2Fwp%2Fv2%2Fproduct_tag&post=49178"}],"curies":[{"name":"wp","href":"https:\/\/api.w.org\/{rel}","templated":true}]}}