{"id":49176,"date":"2026-01-27T22:21:37","date_gmt":"2026-01-27T22:21:37","guid":{"rendered":"https:\/\/www.deporteseli.com\/?product=pala-babolat-150157-alioth"},"modified":"2026-01-27T22:21:39","modified_gmt":"2026-01-27T22:21:39","slug":"pala-babolat-150157-alioth","status":"publish","type":"product","link":"https:\/\/www.deporteseli.com\/?product=pala-babolat-150157-alioth","title":{"rendered":"PALA BABOLAT 150157 ALIOTH"},"content":{"rendered":"<p>La nueva Alioth Pro JR es la pala de p\u00e1del perfecta para que tu hijo de un salto de calidad en sus competiciones tratando de alcanzar el n\u00famero 1.    Destinada principalmente al jugador de competici\u00f3n de entre 8 y 12 a\u00f1os, Alioth Pro JR te ofrece la mejor combinaci\u00f3n posible entre potencia y manejabilidad. Adem\u00e1s, gracias a los estudios realizados por Babolat en los \u00faltimos a\u00f1os, hemos adaptado el tama\u00f1o del grip a la mano de nuestras futuras estrellas.    Si tu hijo necesita una pala que le ayude a ganar partidos y que est\u00e9 adaptada al 100% a sus necesidades, Alioth Pro JR es su mejor elecci\u00f3n.     Compite y a\u00falla como tus \u00eddolos!    Haga clic aqu\u00ed para ver las instrucciones.    Beneficios  Tolerancia  La tolerancia es un aspecto clave para que tu hijo pueda golpear la pelota en cualquier punto de la pala de manera confortable y sin errores. As\u00ed nos lo confirman los estudio realizados por Babolat en los \u00faltimos a\u00f1os.     Gracias al GRAN TAMIZ de Alioth Pro JR y su espec\u00edfico DRILLING PATTERN en la zona superior, tu hijo podr\u00e1 jugar con mayor facilidad para divertirse practicando su deporte preferido.    \u00bfPreparado para ser el rey de la pista?    MANEJABILIDAD  Uno de los factores principales en la adaptaci\u00f3n de una pala de p\u00e1del a las necesidades de los menores es el peso. En Alioth Pro JR encontrar\u00e1s para tu hijo una de las palas M\u00c1S LIGERAS y POTENTES del mercado proporcionando una manejabilidad excepcional al jugador.    Todo ello, sumado a su BALANCE MEDIO, conseguir\u00e1 que tu hijo pueda mantener la pala en una posici\u00f3n \u00f3ptima todo el tiempo.    \u00bfListo para disfrutar del p\u00e1del sin preocupaciones?    Potencia  Gracias a la superficie de carbono, conseguimos una pala con gran reactividad que permitir\u00e1 a tu hijo imprimir la potencia extra que necesita en sus golpes de ataque.  Sumado al carbono en la superficie, Alioth Pro JR dispone de un DRILLING PATTERN espec\u00edfico en la zona alta de la pala y un BALANCE MEDIO que har\u00e1n la combinaci\u00f3n perfecta entre confort, manejabilidad y potencia que un competidor necesita.     Prep\u00e1rate para rematar y ganar el punto!                                                                                                                                                                                                                                                                                                                                                                                                                                                                                                                                                                                                                                                                                                                                                                                                                                                                                                                                                                                                                                        <\/p>\n","protected":false},"excerpt":{"rendered":"<p>PALA BABOLAT 150157 ALIOTH<\/p>\n","protected":false},"featured_media":61063,"template":"","meta":[],"product_brand":[],"product_cat":[353],"product_tag":[84],"class_list":{"0":"post-49176","1":"product","2":"type-product","3":"status-publish","4":"has-post-thumbnail","6":"product_cat-padel_y_tenis_palas","7":"product_tag-babolat","8":"pa_color-unico","9":"pa_talla-unica","10":"thunk-woo-product-list","11":"opn-qv-enable","12":"open-woo-hover-","13":"open-single-product-tab-horizontal","14":"open-shadow-","15":"open-shadow-hover-","17":"first","18":"instock","19":"sale","20":"shipping-taxable","21":"purchasable","22":"product-type-variable"},"jetpack_sharing_enabled":true,"_links":{"self":[{"href":"https:\/\/www.deporteseli.com\/index.php?rest_route=\/wp\/v2\/product\/49176","targetHints":{"allow":["GET"]}}],"collection":[{"href":"https:\/\/www.deporteseli.com\/index.php?rest_route=\/wp\/v2\/product"}],"about":[{"href":"https:\/\/www.deporteseli.com\/index.php?rest_route=\/wp\/v2\/types\/product"}],"wp:featuredmedia":[{"embeddable":true,"href":"https:\/\/www.deporteseli.com\/index.php?rest_route=\/wp\/v2\/media\/61063"}],"wp:attachment":[{"href":"https:\/\/www.deporteseli.com\/index.php?rest_route=%2Fwp%2Fv2%2Fmedia&parent=49176"}],"wp:term":[{"taxonomy":"product_brand","embeddable":true,"href":"https:\/\/www.deporteseli.com\/index.php?rest_route=%2Fwp%2Fv2%2Fproduct_brand&post=49176"},{"taxonomy":"product_cat","embeddable":true,"href":"https:\/\/www.deporteseli.com\/index.php?rest_route=%2Fwp%2Fv2%2Fproduct_cat&post=49176"},{"taxonomy":"product_tag","embeddable":true,"href":"https:\/\/www.deporteseli.com\/index.php?rest_route=%2Fwp%2Fv2%2Fproduct_tag&post=49176"}],"curies":[{"name":"wp","href":"https:\/\/api.w.org\/{rel}","templated":true}]}}