{"id":49162,"date":"2026-01-27T22:21:16","date_gmt":"2026-01-27T22:21:16","guid":{"rendered":"https:\/\/www.deporteseli.com\/?product=camisa-adidas-jf9143"},"modified":"2026-03-07T06:48:22","modified_gmt":"2026-03-07T06:48:22","slug":"camisa-adidas-jf9143","status":"publish","type":"product","link":"https:\/\/www.deporteseli.com\/?product=camisa-adidas-jf9143","title":{"rendered":"CAMISA ADIDAS JF9143"},"content":{"rendered":"<p>Remera de algod\u00f3n para uso informal al aire libre.  Relajate en la fresca comodidad de esta remera adidas Terrex antes o despu\u00e9s de tu \u00faltima aventura. La comodidad familiar del algod\u00f3n la convierte en una prenda ideal para cualquier momento.  Ajuste cl\u00e1sico  Cuello redondo acanalado  100 % algod\u00f3n (30 % reciclado)  Color del art\u00edculo: Black  N\u00famero de art\u00edculo: JF9143                                                                                                                                                                                                                                                                                                                                                                                                                                                                                                                                                                                                                                                                                                                                                                                                                                                                                                                                                                                                                                        <\/p>\n","protected":false},"excerpt":{"rendered":"<p>CAMISA ADIDAS JF9143<\/p>\n","protected":false},"featured_media":61052,"template":"","meta":[],"product_brand":[],"product_cat":[245],"product_tag":[18],"class_list":{"0":"post-49162","1":"product","2":"type-product","3":"status-publish","4":"has-post-thumbnail","6":"product_cat-hombre_textil_camisetas","7":"product_tag-adidas","8":"pa_color-unico","9":"pa_talla-l","10":"pa_talla-m","11":"pa_talla-xl","12":"thunk-woo-product-list","13":"opn-qv-enable","14":"open-woo-hover-","15":"open-single-product-tab-horizontal","16":"open-shadow-","17":"open-shadow-hover-","19":"first","20":"instock","21":"shipping-taxable","22":"purchasable","23":"product-type-variable"},"jetpack_sharing_enabled":true,"_links":{"self":[{"href":"https:\/\/www.deporteseli.com\/index.php?rest_route=\/wp\/v2\/product\/49162","targetHints":{"allow":["GET"]}}],"collection":[{"href":"https:\/\/www.deporteseli.com\/index.php?rest_route=\/wp\/v2\/product"}],"about":[{"href":"https:\/\/www.deporteseli.com\/index.php?rest_route=\/wp\/v2\/types\/product"}],"wp:featuredmedia":[{"embeddable":true,"href":"https:\/\/www.deporteseli.com\/index.php?rest_route=\/wp\/v2\/media\/61052"}],"wp:attachment":[{"href":"https:\/\/www.deporteseli.com\/index.php?rest_route=%2Fwp%2Fv2%2Fmedia&parent=49162"}],"wp:term":[{"taxonomy":"product_brand","embeddable":true,"href":"https:\/\/www.deporteseli.com\/index.php?rest_route=%2Fwp%2Fv2%2Fproduct_brand&post=49162"},{"taxonomy":"product_cat","embeddable":true,"href":"https:\/\/www.deporteseli.com\/index.php?rest_route=%2Fwp%2Fv2%2Fproduct_cat&post=49162"},{"taxonomy":"product_tag","embeddable":true,"href":"https:\/\/www.deporteseli.com\/index.php?rest_route=%2Fwp%2Fv2%2Fproduct_tag&post=49162"}],"curies":[{"name":"wp","href":"https:\/\/api.w.org\/{rel}","templated":true}]}}