{"id":49123,"date":"2026-01-27T22:20:23","date_gmt":"2026-01-27T22:20:23","guid":{"rendered":"https:\/\/www.deporteseli.com\/?product=sudadera-champion-221742-bs501-2"},"modified":"2026-03-07T06:48:12","modified_gmt":"2026-03-07T06:48:12","slug":"sudadera-champion-221742-bs501-2","status":"publish","type":"product","link":"https:\/\/www.deporteseli.com\/?product=sudadera-champion-221742-bs501-2","title":{"rendered":"SUDADERA CHAMPION 221742-BS501"},"content":{"rendered":"<p>Esta sudadera con capucha de la l\u00ednea Icons Plus combina un estilo color block atrevido con un tejido premium que aporta calidez y comodidad. El fleece pesado de 310 g\/m\u00b2 con interior afelpado la hace ideal para el invierno. El logo bordado en el pecho y el bolsillo canguro completan un look que mezcla herencia y funcionalidad con un giro contempor\u00e1neo.  Tejido: Felpa compacta y suave de mezcla de algod\u00f3n, gramaje: 310 g\/m\u00b2  Composici\u00f3n: 70 % Algod\u00f3n, 30 % Poli\u00e9ster  Interior afelpado  Dise\u00f1o en bloques de color  Logo bordado en el pecho  Capucha ajustable con cord\u00f3n  Bolsillo tipo canguro  Pu\u00f1os y bajo de canal\u00e9  Ajuste: Standard Fit \u2013 Ajuste c\u00f3modo y vers\u00e1til con medidas est\u00e1ndar. Se adapta al cuerpo sin ce\u00f1ir. Corte de hombro regular.   SKU: 221742                                                                                                                                                                                                                                                                                                                                                                                                                                                                                                                                                                                                                                                                                                                                                                                                                                                                                                                                                                                                                                        <\/p>\n","protected":false},"excerpt":{"rendered":"<p>SUDADERA CHAMPION 221742-BS501<\/p>\n","protected":false},"featured_media":61031,"template":"","meta":[],"product_brand":[],"product_cat":[253],"product_tag":[51],"class_list":{"0":"post-49123","1":"product","2":"type-product","3":"status-publish","4":"has-post-thumbnail","6":"product_cat-hombre_textil_sudaderas","7":"product_tag-champion","8":"pa_color-unico","9":"pa_talla-l","10":"pa_talla-m","11":"pa_talla-s","12":"pa_talla-xxl","13":"thunk-woo-product-list","14":"opn-qv-enable","15":"open-woo-hover-","16":"open-single-product-tab-horizontal","17":"open-shadow-","18":"open-shadow-hover-","20":"first","21":"instock","22":"shipping-taxable","23":"purchasable","24":"product-type-variable"},"jetpack_sharing_enabled":true,"_links":{"self":[{"href":"https:\/\/www.deporteseli.com\/index.php?rest_route=\/wp\/v2\/product\/49123","targetHints":{"allow":["GET"]}}],"collection":[{"href":"https:\/\/www.deporteseli.com\/index.php?rest_route=\/wp\/v2\/product"}],"about":[{"href":"https:\/\/www.deporteseli.com\/index.php?rest_route=\/wp\/v2\/types\/product"}],"wp:featuredmedia":[{"embeddable":true,"href":"https:\/\/www.deporteseli.com\/index.php?rest_route=\/wp\/v2\/media\/61031"}],"wp:attachment":[{"href":"https:\/\/www.deporteseli.com\/index.php?rest_route=%2Fwp%2Fv2%2Fmedia&parent=49123"}],"wp:term":[{"taxonomy":"product_brand","embeddable":true,"href":"https:\/\/www.deporteseli.com\/index.php?rest_route=%2Fwp%2Fv2%2Fproduct_brand&post=49123"},{"taxonomy":"product_cat","embeddable":true,"href":"https:\/\/www.deporteseli.com\/index.php?rest_route=%2Fwp%2Fv2%2Fproduct_cat&post=49123"},{"taxonomy":"product_tag","embeddable":true,"href":"https:\/\/www.deporteseli.com\/index.php?rest_route=%2Fwp%2Fv2%2Fproduct_tag&post=49123"}],"curies":[{"name":"wp","href":"https:\/\/api.w.org\/{rel}","templated":true}]}}