{"id":49116,"date":"2026-01-27T22:20:12","date_gmt":"2026-01-27T22:20:12","guid":{"rendered":"https:\/\/www.deporteseli.com\/?product=sudadera-champion-221648"},"modified":"2026-03-07T06:48:04","modified_gmt":"2026-03-07T06:48:04","slug":"sudadera-champion-221648","status":"publish","type":"product","link":"https:\/\/www.deporteseli.com\/?product=sudadera-champion-221648","title":{"rendered":"SUDADERA CHAMPION 221648"},"content":{"rendered":"<p>La Chaqueta Champion Hooded Full Zip Sweatshirt para hombre en color negro es la prenda ideal para quienes buscan comodidad y estilo.  Con un corte holgado y manga larga, esta chaqueta ofrece la libertad de movimiento necesaria para cualquier actividad.  Su capucha integrada proporciona abrigo adicional, mientras que el cierre de cremallera asegura un ajuste perfecto.  Incluye un pr\u00e1ctico bolsillo para guardar tus pertenencias.  Fabricada con un tejido suave, es perfecta para el uso diario o para hacer deporte.  A\u00f1ade un toque moderno a tu vestuario con esta vers\u00e1til chaqueta de Champion.    Caracter\u00edsticas  Chaqueta manga larga  Corte holgado  Capucha integrada  Cierre de cremallera  Bolsillo  Tejido suave  Color del producto: Negro                                                                                                                                                                                                                                                                                                                                                                                                                                                                                                                                                                                                                                                                                                                                                                                                                                                                                                                                                                                                                                        <\/p>\n","protected":false},"excerpt":{"rendered":"<p>SUDADERA CHAMPION 221648<\/p>\n","protected":false},"featured_media":61025,"template":"","meta":[],"product_brand":[],"product_cat":[253],"product_tag":[51],"class_list":{"0":"post-49116","1":"product","2":"type-product","3":"status-publish","4":"has-post-thumbnail","6":"product_cat-hombre_textil_sudaderas","7":"product_tag-champion","8":"pa_color-unico","9":"pa_talla-m","10":"pa_talla-s","11":"pa_talla-xxl","12":"thunk-woo-product-list","13":"opn-qv-enable","14":"open-woo-hover-","15":"open-single-product-tab-horizontal","16":"open-shadow-","17":"open-shadow-hover-","19":"first","20":"instock","21":"shipping-taxable","22":"purchasable","23":"product-type-variable"},"jetpack_sharing_enabled":true,"_links":{"self":[{"href":"https:\/\/www.deporteseli.com\/index.php?rest_route=\/wp\/v2\/product\/49116","targetHints":{"allow":["GET"]}}],"collection":[{"href":"https:\/\/www.deporteseli.com\/index.php?rest_route=\/wp\/v2\/product"}],"about":[{"href":"https:\/\/www.deporteseli.com\/index.php?rest_route=\/wp\/v2\/types\/product"}],"wp:featuredmedia":[{"embeddable":true,"href":"https:\/\/www.deporteseli.com\/index.php?rest_route=\/wp\/v2\/media\/61025"}],"wp:attachment":[{"href":"https:\/\/www.deporteseli.com\/index.php?rest_route=%2Fwp%2Fv2%2Fmedia&parent=49116"}],"wp:term":[{"taxonomy":"product_brand","embeddable":true,"href":"https:\/\/www.deporteseli.com\/index.php?rest_route=%2Fwp%2Fv2%2Fproduct_brand&post=49116"},{"taxonomy":"product_cat","embeddable":true,"href":"https:\/\/www.deporteseli.com\/index.php?rest_route=%2Fwp%2Fv2%2Fproduct_cat&post=49116"},{"taxonomy":"product_tag","embeddable":true,"href":"https:\/\/www.deporteseli.com\/index.php?rest_route=%2Fwp%2Fv2%2Fproduct_tag&post=49116"}],"curies":[{"name":"wp","href":"https:\/\/api.w.org\/{rel}","templated":true}]}}