{"id":49114,"date":"2026-01-27T22:20:09","date_gmt":"2026-01-27T22:20:09","guid":{"rendered":"https:\/\/www.deporteseli.com\/?product=chandal-champion-118289"},"modified":"2026-03-07T06:48:00","modified_gmt":"2026-03-07T06:48:00","slug":"chandal-champion-118289","status":"publish","type":"product","link":"https:\/\/www.deporteseli.com\/?product=chandal-champion-118289","title":{"rendered":"CHANDAL CHAMPION 118289"},"content":{"rendered":"<p>Conjunto full zip de dise\u00f1o limpio y contempor\u00e1neo, pensado para la comodidad diaria. Confeccionado en fleece ligero mezcla de algod\u00f3n con interior afelpado, combina suavidad y estilo. El fit ajustado realza la silueta y el logo bordado a\u00f1ade un toque ic\u00f3nico. Perfecto para el tiempo libre, en capas o como conjunto coordinado.  Tejido: Felpa Light Soft Compact Power Blend, gramaje: 260 g\/m\u00b2  Composici\u00f3n: 55 % algod\u00f3n, 45 % poli\u00e9ster  Interior afelpado  Chaqueta con cremallera completa y bolsillos laterales  Pantal\u00f3n con pernera recta y cintura el\u00e1stica  Logo bordado  Ajuste: Slim Fit: Corte ce\u00f1ido al cuerpo.   SKU: 118289_PS208                                                                                                                                                                                                                                                                                                                                                                                                                                                                                                                                                                                                                                                                                                                                                                                                                                                                                                                                                                                                                                        <\/p>\n","protected":false},"excerpt":{"rendered":"<p>CHANDAL CHAMPION 118289<\/p>\n","protected":false},"featured_media":61021,"template":"","meta":[],"product_brand":[],"product_cat":[273],"product_tag":[51],"class_list":{"0":"post-49114","1":"product","2":"type-product","3":"status-publish","4":"has-post-thumbnail","6":"product_cat-mujer_textil_chandals","7":"product_tag-champion","8":"pa_color-unico","9":"pa_talla-l","10":"thunk-woo-product-list","11":"opn-qv-enable","12":"open-woo-hover-","13":"open-single-product-tab-horizontal","14":"open-shadow-","15":"open-shadow-hover-","17":"first","18":"instock","19":"shipping-taxable","20":"purchasable","21":"product-type-variable"},"jetpack_sharing_enabled":true,"_links":{"self":[{"href":"https:\/\/www.deporteseli.com\/index.php?rest_route=\/wp\/v2\/product\/49114","targetHints":{"allow":["GET"]}}],"collection":[{"href":"https:\/\/www.deporteseli.com\/index.php?rest_route=\/wp\/v2\/product"}],"about":[{"href":"https:\/\/www.deporteseli.com\/index.php?rest_route=\/wp\/v2\/types\/product"}],"wp:featuredmedia":[{"embeddable":true,"href":"https:\/\/www.deporteseli.com\/index.php?rest_route=\/wp\/v2\/media\/61021"}],"wp:attachment":[{"href":"https:\/\/www.deporteseli.com\/index.php?rest_route=%2Fwp%2Fv2%2Fmedia&parent=49114"}],"wp:term":[{"taxonomy":"product_brand","embeddable":true,"href":"https:\/\/www.deporteseli.com\/index.php?rest_route=%2Fwp%2Fv2%2Fproduct_brand&post=49114"},{"taxonomy":"product_cat","embeddable":true,"href":"https:\/\/www.deporteseli.com\/index.php?rest_route=%2Fwp%2Fv2%2Fproduct_cat&post=49114"},{"taxonomy":"product_tag","embeddable":true,"href":"https:\/\/www.deporteseli.com\/index.php?rest_route=%2Fwp%2Fv2%2Fproduct_tag&post=49114"}],"curies":[{"name":"wp","href":"https:\/\/api.w.org\/{rel}","templated":true}]}}