{"id":49108,"date":"2026-01-27T22:20:00","date_gmt":"2026-01-27T22:20:00","guid":{"rendered":"https:\/\/www.deporteseli.com\/?product=camisa-adidas-h44530"},"modified":"2026-03-07T06:47:54","modified_gmt":"2026-03-07T06:47:54","slug":"camisa-adidas-h44530","status":"publish","type":"product","link":"https:\/\/www.deporteseli.com\/?product=camisa-adidas-h44530","title":{"rendered":"CAMISA ADIDAS H44530"},"content":{"rendered":"<p>Una camiseta cl\u00e1sica que honra la belleza del f\u00fatbol, ??confeccionada con materiales reciclados.   Keep it simple  es una expresi\u00f3n que se usa en el f\u00fatbol por una raz\u00f3n, y a menudo es la clave del \u00e9xito. Hemos honrado esa filosof\u00eda con esta camiseta adidas, para que puedas concentrarte en llevar a tu equipo a la victoria. La tecnolog\u00eda AEROREADY que absorbe la humedad y las mangas de malla te mantendr\u00e1n seco y c\u00f3modo durante todo el partido. Las distintivas 3 Rayas y el logotipo de las 3 barras completan el look. Fabricado con materiales 100 % reciclados, este producto representa solo una de nuestras soluciones para ayudar a eliminar los residuos pl\u00e1sticos.                                                                                                                                                                                                                                                                                                                                                                                                                                                                                                                                                                                                                                                                                                                                                                                                                                                                                                                                                                                                                                        <\/p>\n","protected":false},"excerpt":{"rendered":"<p>CAMISA ADIDAS H44530<\/p>\n","protected":false},"featured_media":61015,"template":"","meta":[],"product_brand":[],"product_cat":[269],"product_tag":[18],"class_list":{"0":"post-49108","1":"product","2":"type-product","3":"status-publish","4":"has-post-thumbnail","6":"product_cat-mujer_textil_camisetas","7":"product_tag-adidas","8":"pa_color-unico","9":"pa_talla-xl","10":"thunk-woo-product-list","11":"opn-qv-enable","12":"open-woo-hover-","13":"open-single-product-tab-horizontal","14":"open-shadow-","15":"open-shadow-hover-","17":"first","18":"instock","19":"shipping-taxable","20":"purchasable","21":"product-type-variable"},"jetpack_sharing_enabled":true,"_links":{"self":[{"href":"https:\/\/www.deporteseli.com\/index.php?rest_route=\/wp\/v2\/product\/49108","targetHints":{"allow":["GET"]}}],"collection":[{"href":"https:\/\/www.deporteseli.com\/index.php?rest_route=\/wp\/v2\/product"}],"about":[{"href":"https:\/\/www.deporteseli.com\/index.php?rest_route=\/wp\/v2\/types\/product"}],"wp:featuredmedia":[{"embeddable":true,"href":"https:\/\/www.deporteseli.com\/index.php?rest_route=\/wp\/v2\/media\/61015"}],"wp:attachment":[{"href":"https:\/\/www.deporteseli.com\/index.php?rest_route=%2Fwp%2Fv2%2Fmedia&parent=49108"}],"wp:term":[{"taxonomy":"product_brand","embeddable":true,"href":"https:\/\/www.deporteseli.com\/index.php?rest_route=%2Fwp%2Fv2%2Fproduct_brand&post=49108"},{"taxonomy":"product_cat","embeddable":true,"href":"https:\/\/www.deporteseli.com\/index.php?rest_route=%2Fwp%2Fv2%2Fproduct_cat&post=49108"},{"taxonomy":"product_tag","embeddable":true,"href":"https:\/\/www.deporteseli.com\/index.php?rest_route=%2Fwp%2Fv2%2Fproduct_tag&post=49108"}],"curies":[{"name":"wp","href":"https:\/\/api.w.org\/{rel}","templated":true}]}}