{"id":49066,"date":"2026-01-27T22:19:05","date_gmt":"2026-01-27T22:19:05","guid":{"rendered":"https:\/\/www.deporteseli.com\/?product=sudadera-adidas-jx0745"},"modified":"2026-03-07T06:47:50","modified_gmt":"2026-03-07T06:47:50","slug":"sudadera-adidas-jx0745","status":"publish","type":"product","link":"https:\/\/www.deporteseli.com\/?product=sudadera-adidas-jx0745","title":{"rendered":"SUDADERA ADIDAS JX0745"},"content":{"rendered":"<p>Descripci\u00f3n  Con la llegada del fr\u00edo, esta chaqueta con capucha adidas se convertir\u00e1 en tu mejor aliada. Se ha confeccionado en un suave tejido de felpa que te envuelve en una calidez inigualable y cuenta con pu\u00f1os y dobladillo de canal\u00e9 que retienen el calor corporal. Ya sea para salir a hacer unos recados o refugiarte en casa, esta prenda vers\u00e1til se adapta a todos tus planes.  Al elegir materiales reciclados, podemos dar nueva vida a materiales que ya se han utilizado, lo que contribuye a reducir los residuos. La utilizaci\u00f3n de materiales renovables nos ayuda a acabar con nuestra dependencia de los recursos finitos. Nuestros productos fabricados con materiales reciclados y renovables contienen al menos un 70% de estos materiales.                                                                                                                                                                                                                                                                                                                                                                                                                                                                                                                                                                                                                                                                                                                                                                                                                                                                                                                                                                                                                                        <\/p>\n","protected":false},"excerpt":{"rendered":"<p>SUDADERA ADIDAS JX0745<\/p>\n","protected":false},"featured_media":60989,"template":"","meta":[],"product_brand":[],"product_cat":[253],"product_tag":[18],"class_list":{"0":"post-49066","1":"product","2":"type-product","3":"status-publish","4":"has-post-thumbnail","6":"product_cat-hombre_textil_sudaderas","7":"product_tag-adidas","8":"pa_color-unico","9":"pa_talla-l","10":"pa_talla-s","11":"pa_talla-xl","12":"thunk-woo-product-list","13":"opn-qv-enable","14":"open-woo-hover-","15":"open-single-product-tab-horizontal","16":"open-shadow-","17":"open-shadow-hover-","19":"first","20":"instock","21":"shipping-taxable","22":"purchasable","23":"product-type-variable"},"jetpack_sharing_enabled":true,"_links":{"self":[{"href":"https:\/\/www.deporteseli.com\/index.php?rest_route=\/wp\/v2\/product\/49066","targetHints":{"allow":["GET"]}}],"collection":[{"href":"https:\/\/www.deporteseli.com\/index.php?rest_route=\/wp\/v2\/product"}],"about":[{"href":"https:\/\/www.deporteseli.com\/index.php?rest_route=\/wp\/v2\/types\/product"}],"wp:featuredmedia":[{"embeddable":true,"href":"https:\/\/www.deporteseli.com\/index.php?rest_route=\/wp\/v2\/media\/60989"}],"wp:attachment":[{"href":"https:\/\/www.deporteseli.com\/index.php?rest_route=%2Fwp%2Fv2%2Fmedia&parent=49066"}],"wp:term":[{"taxonomy":"product_brand","embeddable":true,"href":"https:\/\/www.deporteseli.com\/index.php?rest_route=%2Fwp%2Fv2%2Fproduct_brand&post=49066"},{"taxonomy":"product_cat","embeddable":true,"href":"https:\/\/www.deporteseli.com\/index.php?rest_route=%2Fwp%2Fv2%2Fproduct_cat&post=49066"},{"taxonomy":"product_tag","embeddable":true,"href":"https:\/\/www.deporteseli.com\/index.php?rest_route=%2Fwp%2Fv2%2Fproduct_tag&post=49066"}],"curies":[{"name":"wp","href":"https:\/\/api.w.org\/{rel}","templated":true}]}}