{"id":49040,"date":"2026-01-27T22:18:28","date_gmt":"2026-01-27T22:18:28","guid":{"rendered":"https:\/\/www.deporteseli.com\/?product=chandal-champion-405240"},"modified":"2026-03-07T06:47:34","modified_gmt":"2026-03-07T06:47:34","slug":"chandal-champion-405240","status":"publish","type":"product","link":"https:\/\/www.deporteseli.com\/?product=chandal-champion-405240","title":{"rendered":"CHANDAL CHAMPION 405240"},"content":{"rendered":"<p>El ch\u00e1ndal Champion Sweatsuits para ni\u00f1a es la opci\u00f3n perfecta para mantener a las m\u00e1s peque\u00f1as c\u00f3modas y a la moda.  Este conjunto est\u00e1 confeccionado en c\u00e1lido forro polar de algod\u00f3n que proporciona suavidad y calidez.  La sudadera cuenta con cremallera completa y dos pr\u00e1cticos bolsillos delanteros, ideales para guardar peque\u00f1os objetos.  Los pantalones largos tienen cintura ajustable con cord\u00f3n, lo que garantiza un ajuste personalizado.  Los tobillos son el\u00e1sticos, asegurando comodidad y un ajuste seguro durante cualquier actividad.  Con los detalles distintivos de Champion, este ch\u00e1ndal es perfecto para el uso diario y actividades al aire libre.  Es una excelente opci\u00f3n para ni\u00f1as que valoran la comodidad y el estilo.    Caracter\u00edsticas  Ch\u00e1ndal  Confeccionado en c\u00e1lido forro polar de algod\u00f3n  Sudadera  Con cremallera completa  Dos pr\u00e1cticos bolsillos delanteros  Pantalones  Largos  Cuentan con cintura ajustable con cord\u00f3n  Tobillos el\u00e1sticos para un ajuste seguro y c\u00f3modo  Detalles Champion                                                                                                                                                                                                                                                                                                                                                                                                                                                                                                                                                                                                                                                                                                                                                                                                                                                                                                                                                                                                                                        <\/p>\n","protected":false},"excerpt":{"rendered":"<p>CHANDAL CHAMPION 405240<\/p>\n","protected":false},"featured_media":60965,"template":"","meta":[],"product_brand":[],"product_cat":[380],"product_tag":[51],"class_list":{"0":"post-49040","1":"product","2":"type-product","3":"status-publish","4":"has-post-thumbnail","6":"product_cat-ninas_textil_chandals","7":"product_tag-champion","8":"pa_color-unico","9":"pa_talla-l","10":"pa_talla-xxl","11":"thunk-woo-product-list","12":"opn-qv-enable","13":"open-woo-hover-","14":"open-single-product-tab-horizontal","15":"open-shadow-","16":"open-shadow-hover-","18":"first","19":"instock","20":"shipping-taxable","21":"purchasable","22":"product-type-variable"},"jetpack_sharing_enabled":true,"_links":{"self":[{"href":"https:\/\/www.deporteseli.com\/index.php?rest_route=\/wp\/v2\/product\/49040","targetHints":{"allow":["GET"]}}],"collection":[{"href":"https:\/\/www.deporteseli.com\/index.php?rest_route=\/wp\/v2\/product"}],"about":[{"href":"https:\/\/www.deporteseli.com\/index.php?rest_route=\/wp\/v2\/types\/product"}],"wp:featuredmedia":[{"embeddable":true,"href":"https:\/\/www.deporteseli.com\/index.php?rest_route=\/wp\/v2\/media\/60965"}],"wp:attachment":[{"href":"https:\/\/www.deporteseli.com\/index.php?rest_route=%2Fwp%2Fv2%2Fmedia&parent=49040"}],"wp:term":[{"taxonomy":"product_brand","embeddable":true,"href":"https:\/\/www.deporteseli.com\/index.php?rest_route=%2Fwp%2Fv2%2Fproduct_brand&post=49040"},{"taxonomy":"product_cat","embeddable":true,"href":"https:\/\/www.deporteseli.com\/index.php?rest_route=%2Fwp%2Fv2%2Fproduct_cat&post=49040"},{"taxonomy":"product_tag","embeddable":true,"href":"https:\/\/www.deporteseli.com\/index.php?rest_route=%2Fwp%2Fv2%2Fproduct_tag&post=49040"}],"curies":[{"name":"wp","href":"https:\/\/api.w.org\/{rel}","templated":true}]}}