{"id":49034,"date":"2026-01-27T22:18:20","date_gmt":"2026-01-27T22:18:20","guid":{"rendered":"https:\/\/www.deporteseli.com\/?product=chandal-champion-307263"},"modified":"2026-03-07T06:47:30","modified_gmt":"2026-03-07T06:47:30","slug":"chandal-champion-307263","status":"publish","type":"product","link":"https:\/\/www.deporteseli.com\/?product=chandal-champion-307263","title":{"rendered":"CHANDAL CHAMPION 307263"},"content":{"rendered":"<p>Descripci\u00f3n  Ch\u00e1ndal Champion Sweatsuits para Ni\u00f1o: Comodidad y Estilo    El ch\u00e1ndal Champion est\u00e1 dise\u00f1ado para ofrecer el m\u00e1ximo confort diario.    Confeccionado en felpa compacta y suave, garantiza una sensaci\u00f3n c\u00e1lida y acogedora.    Su dise\u00f1o a contraste a\u00f1ade un toque distintivo y moderno.    Ajuste Ideal  Con un ajuste Standard Fit, este ch\u00e1ndal es vers\u00e1til y c\u00f3modo, adapt\u00e1ndose al cuerpo sin marcar.    El material resistente asegura durabilidad, mientras que el logo de la marca resalta su autenticidad.    Perfecto para actividades diarias o momentos de relajaci\u00f3n.  Haz que tu hijo destaque con el ch\u00e1ndal Champion!    Caracter\u00edsticas  Ch\u00e1ndal Champion  Dise\u00f1ado para el confort diario.  Confeccionado en felpa compacta y suave, ofrece calor y suavidad, mientras que el dise\u00f1o a contraste aporta un toque distintivo.  Ajuste: Standard Fit  Vers\u00e1til y c\u00f3modo con anchos y largos est\u00e1ndar.  Se adapta al cuerpo sin marcar.  Material resistente  Logo de la marca                                                                                                                                                                                                                                                                                                                                                                                                                                                                                                                                                                                                                                                                                                                                                                                                                                                                                                                                                                                                                                        <\/p>\n","protected":false},"excerpt":{"rendered":"<p>CHANDAL CHAMPION 307263<\/p>\n","protected":false},"featured_media":60962,"template":"","meta":[],"product_brand":[],"product_cat":[298],"product_tag":[51],"class_list":{"0":"post-49034","1":"product","2":"type-product","3":"status-publish","4":"has-post-thumbnail","6":"product_cat-nino_textil_chandals","7":"product_tag-champion","8":"pa_color-unico","9":"pa_talla-l","10":"pa_talla-m","11":"pa_talla-s","12":"pa_talla-xl","13":"pa_talla-xxl","14":"thunk-woo-product-list","15":"opn-qv-enable","16":"open-woo-hover-","17":"open-single-product-tab-horizontal","18":"open-shadow-","19":"open-shadow-hover-","21":"first","22":"instock","23":"shipping-taxable","24":"purchasable","25":"product-type-variable"},"jetpack_sharing_enabled":true,"_links":{"self":[{"href":"https:\/\/www.deporteseli.com\/index.php?rest_route=\/wp\/v2\/product\/49034","targetHints":{"allow":["GET"]}}],"collection":[{"href":"https:\/\/www.deporteseli.com\/index.php?rest_route=\/wp\/v2\/product"}],"about":[{"href":"https:\/\/www.deporteseli.com\/index.php?rest_route=\/wp\/v2\/types\/product"}],"wp:featuredmedia":[{"embeddable":true,"href":"https:\/\/www.deporteseli.com\/index.php?rest_route=\/wp\/v2\/media\/60962"}],"wp:attachment":[{"href":"https:\/\/www.deporteseli.com\/index.php?rest_route=%2Fwp%2Fv2%2Fmedia&parent=49034"}],"wp:term":[{"taxonomy":"product_brand","embeddable":true,"href":"https:\/\/www.deporteseli.com\/index.php?rest_route=%2Fwp%2Fv2%2Fproduct_brand&post=49034"},{"taxonomy":"product_cat","embeddable":true,"href":"https:\/\/www.deporteseli.com\/index.php?rest_route=%2Fwp%2Fv2%2Fproduct_cat&post=49034"},{"taxonomy":"product_tag","embeddable":true,"href":"https:\/\/www.deporteseli.com\/index.php?rest_route=%2Fwp%2Fv2%2Fproduct_tag&post=49034"}],"curies":[{"name":"wp","href":"https:\/\/api.w.org\/{rel}","templated":true}]}}