{"id":49025,"date":"2026-01-27T22:18:07","date_gmt":"2026-01-27T22:18:07","guid":{"rendered":"https:\/\/www.deporteseli.com\/?product=chandal-champion-307261"},"modified":"2026-03-07T06:47:19","modified_gmt":"2026-03-07T06:47:19","slug":"chandal-champion-307261","status":"publish","type":"product","link":"https:\/\/www.deporteseli.com\/?product=chandal-champion-307261","title":{"rendered":"CHANDAL CHAMPION 307261"},"content":{"rendered":"<p>Comodidad y practicidad se unen en este ch\u00e1ndal dise\u00f1ado para la vida activa diaria. La parte superior con cremallera completa y bolsillos tipo canguro presenta un gr\u00e1fico estilo college en el pecho, mientras que los pantalones con pu\u00f1os acanalados y cord\u00f3n ofrecen un ajuste seguro. El contraste crom\u00e1tico entre la parte superior e inferior a\u00f1ade un toque deportivo y moderno.  Tejido: Forro polar Power Blend compacto y ligero 240 g\/m\u00b2  Composici\u00f3n: 54 % algod\u00f3n, 46 % poli\u00e9ster  Interior perchado para mayor confort t\u00e9rmico  Cierre de cremallera completo con bolsillos canguro  Estampado gr\u00e1fico estilo college en el pecho  Pantal\u00f3n con cord\u00f3n ajustable y pu\u00f1os acanalados  Corte: Standard Fit \u2013 vers\u00e1til y c\u00f3modo con medidas est\u00e1ndar en ancho y largo. Se ajusta al cuerpo con l\u00edneas simples que no marcan. Corte de hombros regular.                                                                                                                                                                                                                                                                                                                                                                                                                                                                                                                                                                                                                                                                                                                                                                                                                                                                                                                                                                                                                                        <\/p>\n","protected":false},"excerpt":{"rendered":"<p>CHANDAL CHAMPION 307261<\/p>\n","protected":false},"featured_media":60955,"template":"","meta":[],"product_brand":[],"product_cat":[298],"product_tag":[51],"class_list":{"0":"post-49025","1":"product","2":"type-product","3":"status-publish","4":"has-post-thumbnail","6":"product_cat-nino_textil_chandals","7":"product_tag-champion","8":"pa_color-unico","9":"pa_talla-l","10":"pa_talla-m","11":"pa_talla-s","12":"thunk-woo-product-list","13":"opn-qv-enable","14":"open-woo-hover-","15":"open-single-product-tab-horizontal","16":"open-shadow-","17":"open-shadow-hover-","19":"first","20":"instock","21":"shipping-taxable","22":"purchasable","23":"product-type-variable"},"jetpack_sharing_enabled":true,"_links":{"self":[{"href":"https:\/\/www.deporteseli.com\/index.php?rest_route=\/wp\/v2\/product\/49025","targetHints":{"allow":["GET"]}}],"collection":[{"href":"https:\/\/www.deporteseli.com\/index.php?rest_route=\/wp\/v2\/product"}],"about":[{"href":"https:\/\/www.deporteseli.com\/index.php?rest_route=\/wp\/v2\/types\/product"}],"wp:featuredmedia":[{"embeddable":true,"href":"https:\/\/www.deporteseli.com\/index.php?rest_route=\/wp\/v2\/media\/60955"}],"wp:attachment":[{"href":"https:\/\/www.deporteseli.com\/index.php?rest_route=%2Fwp%2Fv2%2Fmedia&parent=49025"}],"wp:term":[{"taxonomy":"product_brand","embeddable":true,"href":"https:\/\/www.deporteseli.com\/index.php?rest_route=%2Fwp%2Fv2%2Fproduct_brand&post=49025"},{"taxonomy":"product_cat","embeddable":true,"href":"https:\/\/www.deporteseli.com\/index.php?rest_route=%2Fwp%2Fv2%2Fproduct_cat&post=49025"},{"taxonomy":"product_tag","embeddable":true,"href":"https:\/\/www.deporteseli.com\/index.php?rest_route=%2Fwp%2Fv2%2Fproduct_tag&post=49025"}],"curies":[{"name":"wp","href":"https:\/\/api.w.org\/{rel}","templated":true}]}}