{"id":49015,"date":"2026-01-27T22:17:54","date_gmt":"2026-01-27T22:17:54","guid":{"rendered":"https:\/\/www.deporteseli.com\/?product=sudadera-champion-307253-2"},"modified":"2026-03-07T06:47:09","modified_gmt":"2026-03-07T06:47:09","slug":"sudadera-champion-307253-2","status":"publish","type":"product","link":"https:\/\/www.deporteseli.com\/?product=sudadera-champion-307253-2","title":{"rendered":"SUDADERA CHAMPION 307253"},"content":{"rendered":"<p>Esta sudadera con capucha para Ni\u00f1o es perfecta para la temporada: ofrece confort y estilo. Confeccionada en Powerblend Fleece compacto de 240 g\/m\u00b2, proporciona calor ligero y una sensaci\u00f3n suave sobre la piel. La capucha envolvente, el gr\u00e1fico deportivo y el fit est\u00e1ndar la hacen ideal para el colegio, el juego o el tiempo libre. Una prenda pr\u00e1ctica y aut\u00e9ntica.  Tejido: Felpa Powerblend compacta ultraligera, 240 g\/m\u00b2  Composici\u00f3n: 54 % algod\u00f3n, 46 % poli\u00e9ster  Interior afelpado  Ajuste: Standard Fit: ajuste vers\u00e1til y c\u00f3modo con medidas est\u00e1ndar de largo y ancho. Ce\u00f1ido al cuerpo sin marcar la figura. Corte de hombros regular.   SKU: 307253                                                                                                                                                                                                                                                                                                                                                                                                                                                                                                                                                                                                                                                                                                                                                                                                                                                                                                                                                                                                                                        <\/p>\n","protected":false},"excerpt":{"rendered":"<p>SUDADERA CHAMPION 307253<\/p>\n","protected":false},"featured_media":60947,"template":"","meta":[],"product_brand":[],"product_cat":[302],"product_tag":[51],"class_list":{"0":"post-49015","1":"product","2":"type-product","3":"status-publish","4":"has-post-thumbnail","6":"product_cat-nino_textil_sudaderas","7":"product_tag-champion","8":"pa_color-unico","9":"pa_talla-l","10":"pa_talla-m","11":"pa_talla-xl","12":"pa_talla-xxl","13":"thunk-woo-product-list","14":"opn-qv-enable","15":"open-woo-hover-","16":"open-single-product-tab-horizontal","17":"open-shadow-","18":"open-shadow-hover-","20":"first","21":"instock","22":"shipping-taxable","23":"purchasable","24":"product-type-variable"},"jetpack_sharing_enabled":true,"_links":{"self":[{"href":"https:\/\/www.deporteseli.com\/index.php?rest_route=\/wp\/v2\/product\/49015","targetHints":{"allow":["GET"]}}],"collection":[{"href":"https:\/\/www.deporteseli.com\/index.php?rest_route=\/wp\/v2\/product"}],"about":[{"href":"https:\/\/www.deporteseli.com\/index.php?rest_route=\/wp\/v2\/types\/product"}],"wp:featuredmedia":[{"embeddable":true,"href":"https:\/\/www.deporteseli.com\/index.php?rest_route=\/wp\/v2\/media\/60947"}],"wp:attachment":[{"href":"https:\/\/www.deporteseli.com\/index.php?rest_route=%2Fwp%2Fv2%2Fmedia&parent=49015"}],"wp:term":[{"taxonomy":"product_brand","embeddable":true,"href":"https:\/\/www.deporteseli.com\/index.php?rest_route=%2Fwp%2Fv2%2Fproduct_brand&post=49015"},{"taxonomy":"product_cat","embeddable":true,"href":"https:\/\/www.deporteseli.com\/index.php?rest_route=%2Fwp%2Fv2%2Fproduct_cat&post=49015"},{"taxonomy":"product_tag","embeddable":true,"href":"https:\/\/www.deporteseli.com\/index.php?rest_route=%2Fwp%2Fv2%2Fproduct_tag&post=49015"}],"curies":[{"name":"wp","href":"https:\/\/api.w.org\/{rel}","templated":true}]}}