{"id":49004,"date":"2026-01-27T22:17:41","date_gmt":"2026-01-27T22:17:41","guid":{"rendered":"https:\/\/www.deporteseli.com\/?product=calcetin-bullpadel-bp254-pack-3"},"modified":"2026-02-16T08:06:56","modified_gmt":"2026-02-16T08:06:56","slug":"calcetin-bullpadel-bp254-pack-3","status":"publish","type":"product","link":"https:\/\/www.deporteseli.com\/?product=calcetin-bullpadel-bp254-pack-3","title":{"rendered":"CALCETIN BULLPADEL BP254 (PACK 3)"},"content":{"rendered":"<p>Pack de 3 pares de calcetines, de algod\u00f3n el\u00e1stico con poliamida, muy transpirables y c\u00f3modos.                                                                                                                                                                                                                                                                                                                                                                                                                                                                                                                                                                                                                                                                                                                                                                                                                                                                                                                                                                                                                                        <\/p>\n","protected":false},"excerpt":{"rendered":"<p>CALCETIN BULLPADEL BP254 (PACK 3)<\/p>\n","protected":false},"featured_media":60941,"template":"","meta":[],"product_brand":[],"product_cat":[400],"product_tag":[21],"class_list":{"0":"post-49004","1":"product","2":"type-product","3":"status-publish","4":"has-post-thumbnail","6":"product_cat-accesorios_calcetines","7":"product_tag-bull_padel","8":"pa_color-unico","9":"pa_talla-l","10":"pa_talla-m","11":"thunk-woo-product-list","12":"opn-qv-enable","13":"open-woo-hover-","14":"open-single-product-tab-horizontal","15":"open-shadow-","16":"open-shadow-hover-","18":"first","19":"instock","20":"shipping-taxable","21":"purchasable","22":"product-type-variable"},"jetpack_sharing_enabled":true,"_links":{"self":[{"href":"https:\/\/www.deporteseli.com\/index.php?rest_route=\/wp\/v2\/product\/49004","targetHints":{"allow":["GET"]}}],"collection":[{"href":"https:\/\/www.deporteseli.com\/index.php?rest_route=\/wp\/v2\/product"}],"about":[{"href":"https:\/\/www.deporteseli.com\/index.php?rest_route=\/wp\/v2\/types\/product"}],"wp:featuredmedia":[{"embeddable":true,"href":"https:\/\/www.deporteseli.com\/index.php?rest_route=\/wp\/v2\/media\/60941"}],"wp:attachment":[{"href":"https:\/\/www.deporteseli.com\/index.php?rest_route=%2Fwp%2Fv2%2Fmedia&parent=49004"}],"wp:term":[{"taxonomy":"product_brand","embeddable":true,"href":"https:\/\/www.deporteseli.com\/index.php?rest_route=%2Fwp%2Fv2%2Fproduct_brand&post=49004"},{"taxonomy":"product_cat","embeddable":true,"href":"https:\/\/www.deporteseli.com\/index.php?rest_route=%2Fwp%2Fv2%2Fproduct_cat&post=49004"},{"taxonomy":"product_tag","embeddable":true,"href":"https:\/\/www.deporteseli.com\/index.php?rest_route=%2Fwp%2Fv2%2Fproduct_tag&post=49004"}],"curies":[{"name":"wp","href":"https:\/\/api.w.org\/{rel}","templated":true}]}}