{"id":49000,"date":"2026-01-27T22:17:35","date_gmt":"2026-01-27T22:17:35","guid":{"rendered":"https:\/\/www.deporteseli.com\/?product=falda-bullpadel-chalan-azul-sombra"},"modified":"2026-03-07T06:46:58","modified_gmt":"2026-03-07T06:46:58","slug":"falda-bullpadel-chalan-azul-sombra","status":"publish","type":"product","link":"https:\/\/www.deporteseli.com\/?product=falda-bullpadel-chalan-azul-sombra","title":{"rendered":"FALDA BULLPADEL CHALAN AZUL SOMBRA"},"content":{"rendered":"<p>Estilo y movimiento se dan la mano en esta falda dise\u00f1ada para brillar dentro y fuera de la pista. Una prenda pensada para elevar tu rendimiento en la pista sin renunciar al estilo.    Dise\u00f1ada para acompa\u00f1arte en cada movimiento con la m\u00e1xima comodidad, su construcci\u00f3n t\u00e9cnica y detalles funcionales marcan la diferencia partido tras partido. Falda pantal\u00f3n en tejido a la plana biel\u00e1stico de nuestra l\u00ednea purecolor con acabado binamic que ayuda a un secado r\u00e1pido y la confortabilidad. Bolsillos laterales sobre la falda en tull el\u00e1stico, malla interior y logos reflectantes en delantero y espalda.                                                                                                                                                                                                                                                                                                                                                                                                                                                                                                                                                                                                                                                                                                                                                                                                                                                                                                                                                                                                                                        <\/p>\n","protected":false},"excerpt":{"rendered":"<p>FALDA BULLPADEL CHALAN AZUL SOMBRA<\/p>\n","protected":false},"featured_media":60937,"template":"","meta":[],"product_brand":[],"product_cat":[365],"product_tag":[21],"class_list":{"0":"post-49000","1":"product","2":"type-product","3":"status-publish","4":"has-post-thumbnail","6":"product_cat-padel_y_tenis_textil_shorts","7":"product_tag-bull_padel","8":"pa_color-unico","9":"pa_talla-l","10":"pa_talla-m","11":"pa_talla-s","12":"thunk-woo-product-list","13":"opn-qv-enable","14":"open-woo-hover-","15":"open-single-product-tab-horizontal","16":"open-shadow-","17":"open-shadow-hover-","19":"first","20":"instock","21":"shipping-taxable","22":"purchasable","23":"product-type-variable"},"jetpack_sharing_enabled":true,"_links":{"self":[{"href":"https:\/\/www.deporteseli.com\/index.php?rest_route=\/wp\/v2\/product\/49000","targetHints":{"allow":["GET"]}}],"collection":[{"href":"https:\/\/www.deporteseli.com\/index.php?rest_route=\/wp\/v2\/product"}],"about":[{"href":"https:\/\/www.deporteseli.com\/index.php?rest_route=\/wp\/v2\/types\/product"}],"wp:featuredmedia":[{"embeddable":true,"href":"https:\/\/www.deporteseli.com\/index.php?rest_route=\/wp\/v2\/media\/60937"}],"wp:attachment":[{"href":"https:\/\/www.deporteseli.com\/index.php?rest_route=%2Fwp%2Fv2%2Fmedia&parent=49000"}],"wp:term":[{"taxonomy":"product_brand","embeddable":true,"href":"https:\/\/www.deporteseli.com\/index.php?rest_route=%2Fwp%2Fv2%2Fproduct_brand&post=49000"},{"taxonomy":"product_cat","embeddable":true,"href":"https:\/\/www.deporteseli.com\/index.php?rest_route=%2Fwp%2Fv2%2Fproduct_cat&post=49000"},{"taxonomy":"product_tag","embeddable":true,"href":"https:\/\/www.deporteseli.com\/index.php?rest_route=%2Fwp%2Fv2%2Fproduct_tag&post=49000"}],"curies":[{"name":"wp","href":"https:\/\/api.w.org\/{rel}","templated":true}]}}