{"id":48992,"date":"2026-01-27T22:17:25","date_gmt":"2026-01-27T22:17:25","guid":{"rendered":"https:\/\/www.deporteseli.com\/?product=camiseta-bullpadel-etilo-albaricoque-2"},"modified":"2026-03-07T06:46:50","modified_gmt":"2026-03-07T06:46:50","slug":"camiseta-bullpadel-etilo-albaricoque-2","status":"publish","type":"product","link":"https:\/\/www.deporteseli.com\/?product=camiseta-bullpadel-etilo-albaricoque-2","title":{"rendered":"CAMISETA BULLPADEL ETILO ALBARICOQUE"},"content":{"rendered":"<p>Una camiseta pensada para rendir al m\u00e1ximo en cada punto, con el equilibrio justo entre dise\u00f1o y tecnolog\u00eda. Una prenda pensada para elevar tu rendimiento en la pista sin renunciar al estilo.    Dise\u00f1ada para acompa\u00f1arte en cada movimiento con la m\u00e1xima comodidad, su construcci\u00f3n t\u00e9cnica y detalles funcionales marcan la diferencia partido tras partido. Una camiseta de tirantes suelta de nuestra l\u00ednea Padel is my Power con estampado de l\u00edneas en zig-zag grabado con calor en tejido de single ligero de poli\u00e9ster con elast\u00e1n y tecnolog\u00eda drynamic que ayuda a un secado r\u00e1pido y la confortabilidad. Tiene una abertura decorativa en la espalda, aberturas laterales en el bajo y logos de goma en delantero y espalda.                                                                                                                                                                                                                                                                                                                                                                                                                                                                                                                                                                                                                                                                                                                                                                                                                                                                                                                                                                                                                                        <\/p>\n","protected":false},"excerpt":{"rendered":"<p>CAMISETA BULLPADEL ETILO ALBARICOQUE<\/p>\n","protected":false},"featured_media":60929,"template":"","meta":[],"product_brand":[],"product_cat":[364],"product_tag":[21],"class_list":{"0":"post-48992","1":"product","2":"type-product","3":"status-publish","4":"has-post-thumbnail","6":"product_cat-padel_y_tenis_textil_camisas","7":"product_tag-bull_padel","8":"pa_color-unico","9":"pa_talla-l","10":"pa_talla-m","11":"pa_talla-xl","12":"thunk-woo-product-list","13":"opn-qv-enable","14":"open-woo-hover-","15":"open-single-product-tab-horizontal","16":"open-shadow-","17":"open-shadow-hover-","19":"first","20":"instock","21":"shipping-taxable","22":"purchasable","23":"product-type-variable"},"jetpack_sharing_enabled":true,"_links":{"self":[{"href":"https:\/\/www.deporteseli.com\/index.php?rest_route=\/wp\/v2\/product\/48992","targetHints":{"allow":["GET"]}}],"collection":[{"href":"https:\/\/www.deporteseli.com\/index.php?rest_route=\/wp\/v2\/product"}],"about":[{"href":"https:\/\/www.deporteseli.com\/index.php?rest_route=\/wp\/v2\/types\/product"}],"wp:featuredmedia":[{"embeddable":true,"href":"https:\/\/www.deporteseli.com\/index.php?rest_route=\/wp\/v2\/media\/60929"}],"wp:attachment":[{"href":"https:\/\/www.deporteseli.com\/index.php?rest_route=%2Fwp%2Fv2%2Fmedia&parent=48992"}],"wp:term":[{"taxonomy":"product_brand","embeddable":true,"href":"https:\/\/www.deporteseli.com\/index.php?rest_route=%2Fwp%2Fv2%2Fproduct_brand&post=48992"},{"taxonomy":"product_cat","embeddable":true,"href":"https:\/\/www.deporteseli.com\/index.php?rest_route=%2Fwp%2Fv2%2Fproduct_cat&post=48992"},{"taxonomy":"product_tag","embeddable":true,"href":"https:\/\/www.deporteseli.com\/index.php?rest_route=%2Fwp%2Fv2%2Fproduct_tag&post=48992"}],"curies":[{"name":"wp","href":"https:\/\/api.w.org\/{rel}","templated":true}]}}