{"id":48961,"date":"2026-01-27T22:16:47","date_gmt":"2026-01-27T22:16:47","guid":{"rendered":"https:\/\/www.deporteseli.com\/?product=short-bullpadel-enejo-humo"},"modified":"2026-03-15T05:19:28","modified_gmt":"2026-03-15T05:19:28","slug":"short-bullpadel-enejo-humo","status":"publish","type":"product","link":"https:\/\/www.deporteseli.com\/?product=short-bullpadel-enejo-humo","title":{"rendered":"SHORT BULLPADEL ENEJO HUMO"},"content":{"rendered":"<p>Este pantal\u00f3n corto te ofrece frescura y libertad en los momentos de m\u00e1xima intensidad sobre la pista. Una prenda pensada para elevar tu rendimiento en la pista sin renunciar al estilo. Dise\u00f1ada para acompa\u00f1arte en cada movimiento con la m\u00e1xima comodidad, su construcci\u00f3n t\u00e9cnica y detalles funcionales marcan la diferencia partido tras partido.    Short con cinturilla sculp y estampado con estampado de l\u00edneas en zig-zag grabado con calor de nuestra l\u00ednea Padel is my Power en tejido a la plana biel\u00e1stico de poli\u00e9ster con elast\u00e1n y acabado binamic que ayuda a un secado r\u00e1pido y la confortabilidad. Tiene malla interior,  bolsillos laterales y logos de goma en delantero y espalda.                                                                                                                                                                                                                                                                                                                                                                                                                                                                                                                                                                                                                                                                                                                                                                                                                                                                                                                                                                                                                                        <\/p>\n","protected":false},"excerpt":{"rendered":"<p>SHORT BULLPADEL ENEJO HUMO<\/p>\n","protected":false},"featured_media":60897,"template":"","meta":[],"product_brand":[],"product_cat":[365],"product_tag":[21],"class_list":{"0":"post-48961","1":"product","2":"type-product","3":"status-publish","4":"has-post-thumbnail","6":"product_cat-padel_y_tenis_textil_shorts","7":"product_tag-bull_padel","8":"pa_color-unico","9":"pa_talla-m","10":"pa_talla-s","11":"pa_talla-xl","12":"thunk-woo-product-list","13":"opn-qv-enable","14":"open-woo-hover-","15":"open-single-product-tab-horizontal","16":"open-shadow-","17":"open-shadow-hover-","19":"first","20":"instock","21":"shipping-taxable","22":"purchasable","23":"product-type-variable"},"jetpack_sharing_enabled":true,"_links":{"self":[{"href":"https:\/\/www.deporteseli.com\/index.php?rest_route=\/wp\/v2\/product\/48961","targetHints":{"allow":["GET"]}}],"collection":[{"href":"https:\/\/www.deporteseli.com\/index.php?rest_route=\/wp\/v2\/product"}],"about":[{"href":"https:\/\/www.deporteseli.com\/index.php?rest_route=\/wp\/v2\/types\/product"}],"wp:featuredmedia":[{"embeddable":true,"href":"https:\/\/www.deporteseli.com\/index.php?rest_route=\/wp\/v2\/media\/60897"}],"wp:attachment":[{"href":"https:\/\/www.deporteseli.com\/index.php?rest_route=%2Fwp%2Fv2%2Fmedia&parent=48961"}],"wp:term":[{"taxonomy":"product_brand","embeddable":true,"href":"https:\/\/www.deporteseli.com\/index.php?rest_route=%2Fwp%2Fv2%2Fproduct_brand&post=48961"},{"taxonomy":"product_cat","embeddable":true,"href":"https:\/\/www.deporteseli.com\/index.php?rest_route=%2Fwp%2Fv2%2Fproduct_cat&post=48961"},{"taxonomy":"product_tag","embeddable":true,"href":"https:\/\/www.deporteseli.com\/index.php?rest_route=%2Fwp%2Fv2%2Fproduct_tag&post=48961"}],"curies":[{"name":"wp","href":"https:\/\/api.w.org\/{rel}","templated":true}]}}