{"id":48958,"date":"2026-01-27T22:16:43","date_gmt":"2026-01-27T22:16:43","guid":{"rendered":"https:\/\/www.deporteseli.com\/?product=short-bullpadel-monch-piedra"},"modified":"2026-03-07T06:46:16","modified_gmt":"2026-03-07T06:46:16","slug":"short-bullpadel-monch-piedra","status":"publish","type":"product","link":"https:\/\/www.deporteseli.com\/?product=short-bullpadel-monch-piedra","title":{"rendered":"SHORT BULLPADEL MONCH PIEDRA"},"content":{"rendered":"<p>Este pantal\u00f3n corto te ofrece frescura y libertad en los momentos de m\u00e1xima intensidad sobre la pista. Una prenda pensada para elevar tu rendimiento en la pista sin renunciar al estilo. Dise\u00f1ada para acompa\u00f1arte en cada movimiento con la m\u00e1xima comodidad, su construcci\u00f3n t\u00e9cnica y detalles funcionales marcan la diferencia partido tras partido.    Pantal\u00f3n corto en tejido a la plana biel\u00e1stico estampado de poli\u00e9ster con elast\u00e1n de nuestra l\u00ednea M\u00e1ster con acabado binamic que ayuda a un secado r\u00e1pido y la confortabilidad, con un largo de 42 cm en talla m, cinturilla con banda el\u00e1stica interior y cord\u00f3n para ajustar, canes\u00fa en la espalda multiperforado que mejora la transpiraci\u00f3n, bolsillos laterales, suspensor el\u00e1stico interior y logos de goma en delantero y espalda.                                                                                                                                                                                                                                                                                                                                                                                                                                                                                                                                                                                                                                                                                                                                                                                                                                                                                                                                                                                                                                        <\/p>\n","protected":false},"excerpt":{"rendered":"<p>SHORT BULLPADEL MONCH PIEDRA<\/p>\n","protected":false},"featured_media":60893,"template":"","meta":[],"product_brand":[],"product_cat":[365],"product_tag":[21],"class_list":{"0":"post-48958","1":"product","2":"type-product","3":"status-publish","4":"has-post-thumbnail","6":"product_cat-padel_y_tenis_textil_shorts","7":"product_tag-bull_padel","8":"pa_color-unico","9":"pa_talla-m","10":"pa_talla-s","11":"thunk-woo-product-list","12":"opn-qv-enable","13":"open-woo-hover-","14":"open-single-product-tab-horizontal","15":"open-shadow-","16":"open-shadow-hover-","18":"first","19":"instock","20":"shipping-taxable","21":"purchasable","22":"product-type-variable"},"jetpack_sharing_enabled":true,"_links":{"self":[{"href":"https:\/\/www.deporteseli.com\/index.php?rest_route=\/wp\/v2\/product\/48958","targetHints":{"allow":["GET"]}}],"collection":[{"href":"https:\/\/www.deporteseli.com\/index.php?rest_route=\/wp\/v2\/product"}],"about":[{"href":"https:\/\/www.deporteseli.com\/index.php?rest_route=\/wp\/v2\/types\/product"}],"wp:featuredmedia":[{"embeddable":true,"href":"https:\/\/www.deporteseli.com\/index.php?rest_route=\/wp\/v2\/media\/60893"}],"wp:attachment":[{"href":"https:\/\/www.deporteseli.com\/index.php?rest_route=%2Fwp%2Fv2%2Fmedia&parent=48958"}],"wp:term":[{"taxonomy":"product_brand","embeddable":true,"href":"https:\/\/www.deporteseli.com\/index.php?rest_route=%2Fwp%2Fv2%2Fproduct_brand&post=48958"},{"taxonomy":"product_cat","embeddable":true,"href":"https:\/\/www.deporteseli.com\/index.php?rest_route=%2Fwp%2Fv2%2Fproduct_cat&post=48958"},{"taxonomy":"product_tag","embeddable":true,"href":"https:\/\/www.deporteseli.com\/index.php?rest_route=%2Fwp%2Fv2%2Fproduct_tag&post=48958"}],"curies":[{"name":"wp","href":"https:\/\/api.w.org\/{rel}","templated":true}]}}