{"id":48929,"date":"2026-01-27T22:15:51","date_gmt":"2026-01-27T22:15:51","guid":{"rendered":"https:\/\/www.deporteseli.com\/?product=camisa-adidas-jm0387"},"modified":"2026-03-19T05:20:55","modified_gmt":"2026-03-19T05:20:55","slug":"camisa-adidas-jm0387","status":"publish","type":"product","link":"https:\/\/www.deporteseli.com\/?product=camisa-adidas-jm0387","title":{"rendered":"CAMISA ADIDAS JM0387"},"content":{"rendered":"<p>Una camiseta c\u00f3moda con un look de camuflaje genial.  La vida es una aventura. Celebra el viaje con esta camiseta gr\u00e1fica de adidas. Inspirada en el cl\u00e1sico camuflaje europeo, un llamativo estampado multicolor destaca en el pecho. Su suave tejido de punto liso te mantiene c\u00f3modo en cualquier situaci\u00f3n.  Ajuste regular  Cuello redondo  100% algod\u00f3n  Gr\u00e1fico de adidas con estampado de goma multicolor en el pecho  Color: Blanco \/ Beige  C\u00f3digo de producto: JM0387                                                                                                                                                                                                                                                                                                                                                                                                                                                                                                                                                                                                                                                                                                                                                                                                                                                                                                                                                                                                                                        <\/p>\n","protected":false},"excerpt":{"rendered":"<p>CAMISA ADIDAS JM0387<\/p>\n","protected":false},"featured_media":60864,"template":"","meta":[],"product_brand":[],"product_cat":[245],"product_tag":[18],"class_list":{"0":"post-48929","1":"product","2":"type-product","3":"status-publish","4":"has-post-thumbnail","6":"product_cat-hombre_textil_camisetas","7":"product_tag-adidas","8":"pa_color-unico","9":"pa_talla-l","10":"pa_talla-m","11":"pa_talla-s","12":"pa_talla-xl","13":"thunk-woo-product-list","14":"opn-qv-enable","15":"open-woo-hover-","16":"open-single-product-tab-horizontal","17":"open-shadow-","18":"open-shadow-hover-","20":"first","21":"instock","22":"shipping-taxable","23":"purchasable","24":"product-type-variable"},"jetpack_sharing_enabled":true,"_links":{"self":[{"href":"https:\/\/www.deporteseli.com\/index.php?rest_route=\/wp\/v2\/product\/48929","targetHints":{"allow":["GET"]}}],"collection":[{"href":"https:\/\/www.deporteseli.com\/index.php?rest_route=\/wp\/v2\/product"}],"about":[{"href":"https:\/\/www.deporteseli.com\/index.php?rest_route=\/wp\/v2\/types\/product"}],"wp:featuredmedia":[{"embeddable":true,"href":"https:\/\/www.deporteseli.com\/index.php?rest_route=\/wp\/v2\/media\/60864"}],"wp:attachment":[{"href":"https:\/\/www.deporteseli.com\/index.php?rest_route=%2Fwp%2Fv2%2Fmedia&parent=48929"}],"wp:term":[{"taxonomy":"product_brand","embeddable":true,"href":"https:\/\/www.deporteseli.com\/index.php?rest_route=%2Fwp%2Fv2%2Fproduct_brand&post=48929"},{"taxonomy":"product_cat","embeddable":true,"href":"https:\/\/www.deporteseli.com\/index.php?rest_route=%2Fwp%2Fv2%2Fproduct_cat&post=48929"},{"taxonomy":"product_tag","embeddable":true,"href":"https:\/\/www.deporteseli.com\/index.php?rest_route=%2Fwp%2Fv2%2Fproduct_tag&post=48929"}],"curies":[{"name":"wp","href":"https:\/\/api.w.org\/{rel}","templated":true}]}}