{"id":48921,"date":"2026-01-27T22:15:29","date_gmt":"2026-01-27T22:15:29","guid":{"rendered":"https:\/\/www.deporteseli.com\/?product=calcetin-babolat-5ub1371"},"modified":"2026-01-27T22:15:40","modified_gmt":"2026-01-27T22:15:40","slug":"calcetin-babolat-5ub1371","status":"publish","type":"product","link":"https:\/\/www.deporteseli.com\/?product=calcetin-babolat-5ub1371","title":{"rendered":"CALCETIN BABOLAT 5UB1371"},"content":{"rendered":"<p>Los calcetines de tenis Babolat Logo ofrecen la m\u00e1xima comodidad y protecci\u00f3n.  Detalles:    Tejido acanalado en el tobillo y la parte medial para m\u00e1xima sujeci\u00f3n.  \u00c1reas de ventilaci\u00f3n  Altura a media pierna  Logo Babolat cosido  Paquete de 3 pares  Tejido: 78% poli\u00e9ster, 15% spandex, 5% felpa, 2% nailon                                                                                                                                                                                                                                                                                                                                                                                                                                                                                                                                                                                                                                                                                                                                                                                                                                                                                                                                                                                                                                        <\/p>\n","protected":false},"excerpt":{"rendered":"<p>CALCETIN BABOLAT 5UB1371<\/p>\n","protected":false},"featured_media":60861,"template":"","meta":[],"product_brand":[],"product_cat":[400],"product_tag":[84],"class_list":{"0":"post-48921","1":"product","2":"type-product","3":"status-publish","4":"has-post-thumbnail","6":"product_cat-accesorios_calcetines","7":"product_tag-babolat","8":"pa_color-unico","9":"pa_talla-35-38","10":"pa_talla-39-42","11":"pa_talla-43-46","12":"thunk-woo-product-list","13":"opn-qv-enable","14":"open-woo-hover-","15":"open-single-product-tab-horizontal","16":"open-shadow-","17":"open-shadow-hover-","19":"first","20":"instock","21":"shipping-taxable","22":"purchasable","23":"product-type-variable"},"jetpack_sharing_enabled":true,"_links":{"self":[{"href":"https:\/\/www.deporteseli.com\/index.php?rest_route=\/wp\/v2\/product\/48921","targetHints":{"allow":["GET"]}}],"collection":[{"href":"https:\/\/www.deporteseli.com\/index.php?rest_route=\/wp\/v2\/product"}],"about":[{"href":"https:\/\/www.deporteseli.com\/index.php?rest_route=\/wp\/v2\/types\/product"}],"wp:featuredmedia":[{"embeddable":true,"href":"https:\/\/www.deporteseli.com\/index.php?rest_route=\/wp\/v2\/media\/60861"}],"wp:attachment":[{"href":"https:\/\/www.deporteseli.com\/index.php?rest_route=%2Fwp%2Fv2%2Fmedia&parent=48921"}],"wp:term":[{"taxonomy":"product_brand","embeddable":true,"href":"https:\/\/www.deporteseli.com\/index.php?rest_route=%2Fwp%2Fv2%2Fproduct_brand&post=48921"},{"taxonomy":"product_cat","embeddable":true,"href":"https:\/\/www.deporteseli.com\/index.php?rest_route=%2Fwp%2Fv2%2Fproduct_cat&post=48921"},{"taxonomy":"product_tag","embeddable":true,"href":"https:\/\/www.deporteseli.com\/index.php?rest_route=%2Fwp%2Fv2%2Fproduct_tag&post=48921"}],"curies":[{"name":"wp","href":"https:\/\/api.w.org\/{rel}","templated":true}]}}