{"id":48917,"date":"2026-01-27T22:15:15","date_gmt":"2026-01-27T22:15:15","guid":{"rendered":"https:\/\/www.deporteseli.com\/?product=munequera-babolat-5ub1262"},"modified":"2026-04-11T04:17:52","modified_gmt":"2026-04-11T04:17:52","slug":"munequera-babolat-5ub1262","status":"publish","type":"product","link":"https:\/\/www.deporteseli.com\/?product=munequera-babolat-5ub1262","title":{"rendered":"MU\u00f1EQUERA BABOLAT 5UB1262"},"content":{"rendered":"<p>Caracter\u00edsticas de las mu\u00f1equeras  Confeccionadas con materiales ligeros y suaves, son ideales para absorber el sudor mientras juegas o entrenas.  Su dise\u00f1o es sencillo y funcional, lo que garantiza un rendimiento \u00f3ptimo.  La tela de rizo y el ajuste en el Pu\u00f1o aseguran una excelente absorci\u00f3n del sudor, permiti\u00e9ndote mantener la concentraci\u00f3n en el juego.                                                                                                                                                                                                                                                                                                                                                                                                                                                                                                                                                                                                                                                                                                                                                                                                                                                                                                                                                                                                                                        <\/p>\n","protected":false},"excerpt":{"rendered":"<p>MU\u00f1EQUERA BABOLAT 5UB1262<\/p>\n","protected":false},"featured_media":60859,"template":"","meta":[],"product_brand":[],"product_cat":[242],"product_tag":[84],"class_list":{"0":"post-48917","1":"product","2":"type-product","3":"status-publish","4":"has-post-thumbnail","6":"product_cat-unisex_accesorios","7":"product_tag-babolat","8":"pa_color-unico","9":"pa_talla-unica","10":"thunk-woo-product-list","11":"opn-qv-enable","12":"open-woo-hover-","13":"open-single-product-tab-horizontal","14":"open-shadow-","15":"open-shadow-hover-","17":"first","18":"instock","19":"shipping-taxable","20":"purchasable","21":"product-type-variable"},"jetpack_sharing_enabled":true,"_links":{"self":[{"href":"https:\/\/www.deporteseli.com\/index.php?rest_route=\/wp\/v2\/product\/48917","targetHints":{"allow":["GET"]}}],"collection":[{"href":"https:\/\/www.deporteseli.com\/index.php?rest_route=\/wp\/v2\/product"}],"about":[{"href":"https:\/\/www.deporteseli.com\/index.php?rest_route=\/wp\/v2\/types\/product"}],"wp:featuredmedia":[{"embeddable":true,"href":"https:\/\/www.deporteseli.com\/index.php?rest_route=\/wp\/v2\/media\/60859"}],"wp:attachment":[{"href":"https:\/\/www.deporteseli.com\/index.php?rest_route=%2Fwp%2Fv2%2Fmedia&parent=48917"}],"wp:term":[{"taxonomy":"product_brand","embeddable":true,"href":"https:\/\/www.deporteseli.com\/index.php?rest_route=%2Fwp%2Fv2%2Fproduct_brand&post=48917"},{"taxonomy":"product_cat","embeddable":true,"href":"https:\/\/www.deporteseli.com\/index.php?rest_route=%2Fwp%2Fv2%2Fproduct_cat&post=48917"},{"taxonomy":"product_tag","embeddable":true,"href":"https:\/\/www.deporteseli.com\/index.php?rest_route=%2Fwp%2Fv2%2Fproduct_tag&post=48917"}],"curies":[{"name":"wp","href":"https:\/\/api.w.org\/{rel}","templated":true}]}}