{"id":48898,"date":"2026-01-27T22:14:35","date_gmt":"2026-01-27T22:14:35","guid":{"rendered":"https:\/\/www.deporteseli.com\/?product=sudadera-babolat-4wp2041"},"modified":"2026-03-07T06:45:44","modified_gmt":"2026-03-07T06:45:44","slug":"sudadera-babolat-4wp2041","status":"publish","type":"product","link":"https:\/\/www.deporteseli.com\/?product=sudadera-babolat-4wp2041","title":{"rendered":"SUDADERA BABOLAT 4WP2041"},"content":{"rendered":"<p>Descripci\u00f3n  La sudadera Exercise Femme para mujer, con capucha y de corte femenino, est\u00e1 confeccionada con un tejido polar c\u00e1lido y suave.    De tejido grueso y cepillado para una mayor comodidad, se convertir\u00e1 inmediatamente en una de sus prendas favoritas.    Con su cord\u00f3n para ajustar la capucha, su bolsillo canguro delantero y sus cuidados acabados, la sudadera con capucha para mujer Exercise la conquistar\u00e1.    El tejido el\u00e1stico en la parte inferior de las mangas y del cuerpo la mantienen en su sitio durante los entrenamientos.  Cuerpo: 70 % algod\u00f3n, 30 % poli\u00e9ster  Borde de canal\u00e9: 95 % algod\u00f3n, 5 % elastano                                                                                                                                                                                                                                                                                                                                                                                                                                                                                                                                                                                                                                                                                                                                                                                                                                                                                                                                                                                                                                        <\/p>\n","protected":false},"excerpt":{"rendered":"<p>SUDADERA BABOLAT 4WP2041<\/p>\n","protected":false},"featured_media":60847,"template":"","meta":[],"product_brand":[],"product_cat":[368],"product_tag":[84],"class_list":{"0":"post-48898","1":"product","2":"type-product","3":"status-publish","4":"has-post-thumbnail","6":"product_cat-padel_y_tenis_textil_sudaderas","7":"product_tag-babolat","8":"pa_color-unico","9":"pa_talla-l","10":"pa_talla-m","11":"pa_talla-s","12":"pa_talla-xl","13":"thunk-woo-product-list","14":"opn-qv-enable","15":"open-woo-hover-","16":"open-single-product-tab-horizontal","17":"open-shadow-","18":"open-shadow-hover-","20":"first","21":"instock","22":"shipping-taxable","23":"purchasable","24":"product-type-variable"},"jetpack_sharing_enabled":true,"_links":{"self":[{"href":"https:\/\/www.deporteseli.com\/index.php?rest_route=\/wp\/v2\/product\/48898","targetHints":{"allow":["GET"]}}],"collection":[{"href":"https:\/\/www.deporteseli.com\/index.php?rest_route=\/wp\/v2\/product"}],"about":[{"href":"https:\/\/www.deporteseli.com\/index.php?rest_route=\/wp\/v2\/types\/product"}],"wp:featuredmedia":[{"embeddable":true,"href":"https:\/\/www.deporteseli.com\/index.php?rest_route=\/wp\/v2\/media\/60847"}],"wp:attachment":[{"href":"https:\/\/www.deporteseli.com\/index.php?rest_route=%2Fwp%2Fv2%2Fmedia&parent=48898"}],"wp:term":[{"taxonomy":"product_brand","embeddable":true,"href":"https:\/\/www.deporteseli.com\/index.php?rest_route=%2Fwp%2Fv2%2Fproduct_brand&post=48898"},{"taxonomy":"product_cat","embeddable":true,"href":"https:\/\/www.deporteseli.com\/index.php?rest_route=%2Fwp%2Fv2%2Fproduct_cat&post=48898"},{"taxonomy":"product_tag","embeddable":true,"href":"https:\/\/www.deporteseli.com\/index.php?rest_route=%2Fwp%2Fv2%2Fproduct_tag&post=48898"}],"curies":[{"name":"wp","href":"https:\/\/api.w.org\/{rel}","templated":true}]}}