{"id":48894,"date":"2026-01-27T22:14:27","date_gmt":"2026-01-27T22:14:27","guid":{"rendered":"https:\/\/www.deporteseli.com\/?product=sudadera-babolat-4mp2121"},"modified":"2026-03-07T06:45:39","modified_gmt":"2026-03-07T06:45:39","slug":"sudadera-babolat-4mp2121","status":"publish","type":"product","link":"https:\/\/www.deporteseli.com\/?product=sudadera-babolat-4mp2121","title":{"rendered":"SUDADERA BABOLAT 4MP2121"},"content":{"rendered":"<p>Descripci\u00f3n  La chaqueta con capucha Exercise Homme para hombre, de corte cl\u00e1sico y estructurado, est\u00e1 confeccionada en un tejido grueso que combina de forma experta la comodidad del algod\u00f3n con la flexibilidad del poli\u00e9ster.    La completa apertura frontal la convierte en una prenda especialmente pr\u00e1ctica.    La chaqueta con capucha Exercise le proteger\u00e1 del fr\u00edo tanto si la usa como \u00fanica prenda de abrigo o combinada con una parka.    Cuerpo: 70 % algod\u00f3n, 30 % poli\u00e9ster  Borde de canal\u00e9: 95 % algod\u00f3n, 5 % elastano  Forro: 80 % algod\u00f3n, 20 % poli\u00e9ster reciclado                                                                                                                                                                                                                                                                                                                                                                                                                                                                                                                                                                                                                                                                                                                                                                                                                                                                                                                                                                                                                                        <\/p>\n","protected":false},"excerpt":{"rendered":"<p>SUDADERA BABOLAT 4MP2121<\/p>\n","protected":false},"featured_media":60845,"template":"","meta":[],"product_brand":[],"product_cat":[368],"product_tag":[84],"class_list":{"0":"post-48894","1":"product","2":"type-product","3":"status-publish","4":"has-post-thumbnail","6":"product_cat-padel_y_tenis_textil_sudaderas","7":"product_tag-babolat","8":"pa_color-unico","9":"pa_talla-l","10":"pa_talla-m","11":"pa_talla-s","12":"thunk-woo-product-list","13":"opn-qv-enable","14":"open-woo-hover-","15":"open-single-product-tab-horizontal","16":"open-shadow-","17":"open-shadow-hover-","19":"first","20":"instock","21":"shipping-taxable","22":"purchasable","23":"product-type-variable"},"jetpack_sharing_enabled":true,"_links":{"self":[{"href":"https:\/\/www.deporteseli.com\/index.php?rest_route=\/wp\/v2\/product\/48894","targetHints":{"allow":["GET"]}}],"collection":[{"href":"https:\/\/www.deporteseli.com\/index.php?rest_route=\/wp\/v2\/product"}],"about":[{"href":"https:\/\/www.deporteseli.com\/index.php?rest_route=\/wp\/v2\/types\/product"}],"wp:featuredmedia":[{"embeddable":true,"href":"https:\/\/www.deporteseli.com\/index.php?rest_route=\/wp\/v2\/media\/60845"}],"wp:attachment":[{"href":"https:\/\/www.deporteseli.com\/index.php?rest_route=%2Fwp%2Fv2%2Fmedia&parent=48894"}],"wp:term":[{"taxonomy":"product_brand","embeddable":true,"href":"https:\/\/www.deporteseli.com\/index.php?rest_route=%2Fwp%2Fv2%2Fproduct_brand&post=48894"},{"taxonomy":"product_cat","embeddable":true,"href":"https:\/\/www.deporteseli.com\/index.php?rest_route=%2Fwp%2Fv2%2Fproduct_cat&post=48894"},{"taxonomy":"product_tag","embeddable":true,"href":"https:\/\/www.deporteseli.com\/index.php?rest_route=%2Fwp%2Fv2%2Fproduct_tag&post=48894"}],"curies":[{"name":"wp","href":"https:\/\/api.w.org\/{rel}","templated":true}]}}