{"id":48889,"date":"2026-01-27T22:14:18","date_gmt":"2026-01-27T22:14:18","guid":{"rendered":"https:\/\/www.deporteseli.com\/?product=sudadera-babolat-4mp2041"},"modified":"2026-03-28T05:21:05","modified_gmt":"2026-03-28T05:21:05","slug":"sudadera-babolat-4mp2041","status":"publish","type":"product","link":"https:\/\/www.deporteseli.com\/?product=sudadera-babolat-4mp2041","title":{"rendered":"SUDADERA BABOLAT 4MP2041"},"content":{"rendered":"<p>Descripci\u00f3n  La sudadera con capucha Exercise Homme para hombre est\u00e1 confeccionada con tejido polar grueso y cepillado para una mayor calidez y confort.    Un cord\u00f3n para ajustar la capucha y un gran bolsillo canguro en la parte delantera se a\u00f1aden al cuidado acabado de la parte inferior de las mangas y del cuerpo de esta sudadera.    La sudadera con capucha Exercise se convertir\u00e1 en su mejor compa\u00f1era tanto en sus sesiones de entrenamiento como durante los partidos.  Cuerpo: 70 % algod\u00f3n, 30 % poli\u00e9ster  Borde de canal\u00e9: 95 % algod\u00f3n, 5 % elastano                                                                                                                                                                                                                                                                                                                                                                                                                                                                                                                                                                                                                                                                                                                                                                                                                                                                                                                                                                                                                                        <\/p>\n","protected":false},"excerpt":{"rendered":"<p>SUDADERA BABOLAT 4MP2041<\/p>\n","protected":false},"featured_media":60842,"template":"","meta":[],"product_brand":[],"product_cat":[368],"product_tag":[84],"class_list":{"0":"post-48889","1":"product","2":"type-product","3":"status-publish","4":"has-post-thumbnail","6":"product_cat-padel_y_tenis_textil_sudaderas","7":"product_tag-babolat","8":"pa_color-unico","9":"pa_talla-m","10":"pa_talla-s","11":"pa_talla-xl","12":"pa_talla-xxl","13":"thunk-woo-product-list","14":"opn-qv-enable","15":"open-woo-hover-","16":"open-single-product-tab-horizontal","17":"open-shadow-","18":"open-shadow-hover-","20":"first","21":"instock","22":"shipping-taxable","23":"purchasable","24":"product-type-variable"},"jetpack_sharing_enabled":true,"_links":{"self":[{"href":"https:\/\/www.deporteseli.com\/index.php?rest_route=\/wp\/v2\/product\/48889","targetHints":{"allow":["GET"]}}],"collection":[{"href":"https:\/\/www.deporteseli.com\/index.php?rest_route=\/wp\/v2\/product"}],"about":[{"href":"https:\/\/www.deporteseli.com\/index.php?rest_route=\/wp\/v2\/types\/product"}],"wp:featuredmedia":[{"embeddable":true,"href":"https:\/\/www.deporteseli.com\/index.php?rest_route=\/wp\/v2\/media\/60842"}],"wp:attachment":[{"href":"https:\/\/www.deporteseli.com\/index.php?rest_route=%2Fwp%2Fv2%2Fmedia&parent=48889"}],"wp:term":[{"taxonomy":"product_brand","embeddable":true,"href":"https:\/\/www.deporteseli.com\/index.php?rest_route=%2Fwp%2Fv2%2Fproduct_brand&post=48889"},{"taxonomy":"product_cat","embeddable":true,"href":"https:\/\/www.deporteseli.com\/index.php?rest_route=%2Fwp%2Fv2%2Fproduct_cat&post=48889"},{"taxonomy":"product_tag","embeddable":true,"href":"https:\/\/www.deporteseli.com\/index.php?rest_route=%2Fwp%2Fv2%2Fproduct_tag&post=48889"}],"curies":[{"name":"wp","href":"https:\/\/api.w.org\/{rel}","templated":true}]}}