{"id":48879,"date":"2026-01-27T22:14:01","date_gmt":"2026-01-27T22:14:01","guid":{"rendered":"https:\/\/www.deporteseli.com\/?product=falda-babolat-3wp2081-2"},"modified":"2026-03-07T06:45:24","modified_gmt":"2026-03-07T06:45:24","slug":"falda-babolat-3wp2081-2","status":"publish","type":"product","link":"https:\/\/www.deporteseli.com\/?product=falda-babolat-3wp2081-2","title":{"rendered":"FALDA BABOLAT 3WP2081"},"content":{"rendered":"<p>Descripci\u00f3n  La falda Play Femme ser\u00e1 su compa\u00f1era ideal sobre la pista.    Dise\u00f1ada dando prioridad a la ligereza y la elasticidad, la falda Play, con su short incorporado, pronto se convertir\u00e1 en una prenda indispensable en su armario.    Su corte cl\u00e1sico se adaptar\u00e1 a todos sus looks tanto en las sesiones de entrenamiento como en los partidos.    Su nuevo material, a base de poli\u00e9ster reciclado, resulta extremadamente c\u00f3modo.  FiberDry  El tejido t\u00e9cnico con poli\u00e9ster \u00abFiber Dry\u00bb elegido para la colecci\u00f3n Babolat es LIGERO y SUAVE al tacto. De f\u00e1cil cuidado, resiste al uso m\u00e1s intenso desde los entrenamientos hasta la competici\u00f3n.                                                                                                                                                                                                                                                                                                                                                                                                                                                                                                                                                                                                                                                                                                                                                                                                                                                                                                                                                                                                                                        <\/p>\n","protected":false},"excerpt":{"rendered":"<p>FALDA BABOLAT 3WP2081<\/p>\n","protected":false},"featured_media":60835,"template":"","meta":[],"product_brand":[],"product_cat":[366],"product_tag":[84],"class_list":{"0":"post-48879","1":"product","2":"type-product","3":"status-publish","4":"has-post-thumbnail","6":"product_cat-padel_y_tenis_textil_faldas","7":"product_tag-babolat","8":"pa_color-unico","9":"pa_talla-l","10":"pa_talla-m","11":"pa_talla-xs","12":"thunk-woo-product-list","13":"opn-qv-enable","14":"open-woo-hover-","15":"open-single-product-tab-horizontal","16":"open-shadow-","17":"open-shadow-hover-","19":"first","20":"instock","21":"shipping-taxable","22":"purchasable","23":"product-type-variable"},"jetpack_sharing_enabled":true,"_links":{"self":[{"href":"https:\/\/www.deporteseli.com\/index.php?rest_route=\/wp\/v2\/product\/48879","targetHints":{"allow":["GET"]}}],"collection":[{"href":"https:\/\/www.deporteseli.com\/index.php?rest_route=\/wp\/v2\/product"}],"about":[{"href":"https:\/\/www.deporteseli.com\/index.php?rest_route=\/wp\/v2\/types\/product"}],"wp:featuredmedia":[{"embeddable":true,"href":"https:\/\/www.deporteseli.com\/index.php?rest_route=\/wp\/v2\/media\/60835"}],"wp:attachment":[{"href":"https:\/\/www.deporteseli.com\/index.php?rest_route=%2Fwp%2Fv2%2Fmedia&parent=48879"}],"wp:term":[{"taxonomy":"product_brand","embeddable":true,"href":"https:\/\/www.deporteseli.com\/index.php?rest_route=%2Fwp%2Fv2%2Fproduct_brand&post=48879"},{"taxonomy":"product_cat","embeddable":true,"href":"https:\/\/www.deporteseli.com\/index.php?rest_route=%2Fwp%2Fv2%2Fproduct_cat&post=48879"},{"taxonomy":"product_tag","embeddable":true,"href":"https:\/\/www.deporteseli.com\/index.php?rest_route=%2Fwp%2Fv2%2Fproduct_tag&post=48879"}],"curies":[{"name":"wp","href":"https:\/\/api.w.org\/{rel}","templated":true}]}}