{"id":48856,"date":"2026-01-27T22:13:28","date_gmt":"2026-01-27T22:13:28","guid":{"rendered":"https:\/\/www.deporteseli.com\/?product=short-babolat-3bp2061-4"},"modified":"2026-03-07T06:45:00","modified_gmt":"2026-03-07T06:45:00","slug":"short-babolat-3bp2061-4","status":"publish","type":"product","link":"https:\/\/www.deporteseli.com\/?product=short-babolat-3bp2061-4","title":{"rendered":"SHORT BABOLAT 3BP2061"},"content":{"rendered":"<p>Descripci\u00f3n  Los shorts Play Gar\u00e7on para ni\u00f1o, confeccionados con un nuevo material de poli\u00e9ster reciclado naturalmente el\u00e1stico, son perfectos para su hijo.    Disponibles en colores cl\u00e1sicos, son f\u00e1ciles de combinar con cualquier look y para cualquier actividad.    Cuenta con 2 bolsillos laterales para pelotas y cintura el\u00e1stica con cord\u00f3n ajustable para adaptarse a la complexi\u00f3n de cada ni\u00f1o.  FiberDry  El tejido t\u00e9cnico con poli\u00e9ster \u00abFiber Dry\u00bb elegido para la colecci\u00f3n Babolat es LIGERO y SUAVE al tacto. De f\u00e1cil cuidado, resiste al uso m\u00e1s intenso desde los entrenamientos hasta la competici\u00f3n.                                                                                                                                                                                                                                                                                                                                                                                                                                                                                                                                                                                                                                                                                                                                                                                                                                                                                                                                                                                                                                        <\/p>\n","protected":false},"excerpt":{"rendered":"<p>SHORT BABOLAT 3BP2061<\/p>\n","protected":false},"featured_media":60820,"template":"","meta":[],"product_brand":[],"product_cat":[365],"product_tag":[84],"class_list":{"0":"post-48856","1":"product","2":"type-product","3":"status-publish","4":"has-post-thumbnail","6":"product_cat-padel_y_tenis_textil_shorts","7":"product_tag-babolat","8":"pa_color-unico","9":"pa_talla-t-10","10":"pa_talla-t-12","11":"pa_talla-t-14","12":"thunk-woo-product-list","13":"opn-qv-enable","14":"open-woo-hover-","15":"open-single-product-tab-horizontal","16":"open-shadow-","17":"open-shadow-hover-","19":"first","20":"instock","21":"shipping-taxable","22":"purchasable","23":"product-type-variable"},"jetpack_sharing_enabled":true,"_links":{"self":[{"href":"https:\/\/www.deporteseli.com\/index.php?rest_route=\/wp\/v2\/product\/48856","targetHints":{"allow":["GET"]}}],"collection":[{"href":"https:\/\/www.deporteseli.com\/index.php?rest_route=\/wp\/v2\/product"}],"about":[{"href":"https:\/\/www.deporteseli.com\/index.php?rest_route=\/wp\/v2\/types\/product"}],"wp:featuredmedia":[{"embeddable":true,"href":"https:\/\/www.deporteseli.com\/index.php?rest_route=\/wp\/v2\/media\/60820"}],"wp:attachment":[{"href":"https:\/\/www.deporteseli.com\/index.php?rest_route=%2Fwp%2Fv2%2Fmedia&parent=48856"}],"wp:term":[{"taxonomy":"product_brand","embeddable":true,"href":"https:\/\/www.deporteseli.com\/index.php?rest_route=%2Fwp%2Fv2%2Fproduct_brand&post=48856"},{"taxonomy":"product_cat","embeddable":true,"href":"https:\/\/www.deporteseli.com\/index.php?rest_route=%2Fwp%2Fv2%2Fproduct_cat&post=48856"},{"taxonomy":"product_tag","embeddable":true,"href":"https:\/\/www.deporteseli.com\/index.php?rest_route=%2Fwp%2Fv2%2Fproduct_tag&post=48856"}],"curies":[{"name":"wp","href":"https:\/\/api.w.org\/{rel}","templated":true}]}}