{"id":48825,"date":"2026-01-27T22:12:49","date_gmt":"2026-01-27T22:12:49","guid":{"rendered":"https:\/\/www.deporteseli.com\/?product=camisa-puma-684906-3"},"modified":"2026-03-07T06:44:30","modified_gmt":"2026-03-07T06:44:30","slug":"camisa-puma-684906-3","status":"publish","type":"product","link":"https:\/\/www.deporteseli.com\/?product=camisa-puma-684906-3","title":{"rendered":"CAMISA  PUMA 684906"},"content":{"rendered":"<p>Marca:  PUMA  Tipo:  Camiseta  Modelo:  ESS NO. 1 LOGO TEE B ORANGE GLO  C\u00f3digo producto:  684906-26  Color: naranja  Composici\u00f3n: Algod\u00f3n 100%    Caracter\u00edsticas producto:    cuello en C  ajuste regular  logotipo de la marca  material de alta calidad                                                                                                                                                                                                                                                                                                                                                                                                                                                                                                                                                                                                                                                                                                                                                                                                                                                                                                                                                                                                                                        <\/p>\n","protected":false},"excerpt":{"rendered":"<p>CAMISA  PUMA 684906<\/p>\n","protected":false},"featured_media":60801,"template":"","meta":[],"product_brand":[],"product_cat":[296],"product_tag":[32],"class_list":{"0":"post-48825","1":"product","2":"type-product","3":"status-publish","4":"has-post-thumbnail","6":"product_cat-nino_textil_camisetas","7":"product_tag-puma","8":"pa_color-unico","9":"pa_talla-t-10","10":"pa_talla-t-14","11":"pa_talla-t-16","12":"pa_talla-t-8","13":"thunk-woo-product-list","14":"opn-qv-enable","15":"open-woo-hover-","16":"open-single-product-tab-horizontal","17":"open-shadow-","18":"open-shadow-hover-","20":"first","21":"instock","22":"shipping-taxable","23":"purchasable","24":"product-type-variable"},"jetpack_sharing_enabled":true,"_links":{"self":[{"href":"https:\/\/www.deporteseli.com\/index.php?rest_route=\/wp\/v2\/product\/48825","targetHints":{"allow":["GET"]}}],"collection":[{"href":"https:\/\/www.deporteseli.com\/index.php?rest_route=\/wp\/v2\/product"}],"about":[{"href":"https:\/\/www.deporteseli.com\/index.php?rest_route=\/wp\/v2\/types\/product"}],"wp:featuredmedia":[{"embeddable":true,"href":"https:\/\/www.deporteseli.com\/index.php?rest_route=\/wp\/v2\/media\/60801"}],"wp:attachment":[{"href":"https:\/\/www.deporteseli.com\/index.php?rest_route=%2Fwp%2Fv2%2Fmedia&parent=48825"}],"wp:term":[{"taxonomy":"product_brand","embeddable":true,"href":"https:\/\/www.deporteseli.com\/index.php?rest_route=%2Fwp%2Fv2%2Fproduct_brand&post=48825"},{"taxonomy":"product_cat","embeddable":true,"href":"https:\/\/www.deporteseli.com\/index.php?rest_route=%2Fwp%2Fv2%2Fproduct_cat&post=48825"},{"taxonomy":"product_tag","embeddable":true,"href":"https:\/\/www.deporteseli.com\/index.php?rest_route=%2Fwp%2Fv2%2Fproduct_tag&post=48825"}],"curies":[{"name":"wp","href":"https:\/\/api.w.org\/{rel}","templated":true}]}}