{"id":48813,"date":"2026-01-27T22:12:35","date_gmt":"2026-01-27T22:12:35","guid":{"rendered":"https:\/\/www.deporteseli.com\/?product=botas-puma-108623"},"modified":"2026-04-15T04:17:54","modified_gmt":"2026-04-15T04:17:54","slug":"botas-puma-108623","status":"publish","type":"product","link":"https:\/\/www.deporteseli.com\/?product=botas-puma-108623","title":{"rendered":"BOTAS PUMA 108623"},"content":{"rendered":"<p>Bota de f\u00fatbol Puma Future 8 Play MG para ni\u00f1o. Botas sint\u00e9ticas para utilizar en campos de hierba artificial de segunda generaci\u00f3n. Botas de gama baja en color Heat Fire-Black-Ravish.    Puma presenta su \u00faltimo gran lanzamiento del a\u00f1o: el Hot Pursuit Pack , una colecci\u00f3n que une innovaci\u00f3n, velocidad y herencia en un dise\u00f1o completamente renovado. Este pack presenta sus tres silos ic\u00f3nicos \u2013 Future, Ultra y King \u2013 con una est\u00e9tica audaz y tecnolog\u00eda de alto rendimiento, pensada para dominar cada rinc\u00f3n del campo                                                                                                                                                                                                                                                                                                                                                                                                                                                                                                                                                                                                                                                                                                                                                                                                                                                                                                                                                                                                                                        <\/p>\n","protected":false},"excerpt":{"rendered":"<p>BOTAS PUMA 108623<\/p>\n","protected":false},"featured_media":60796,"template":"","meta":[],"product_brand":[],"product_cat":[318],"product_tag":[32],"class_list":{"0":"post-48813","1":"product","2":"type-product","3":"status-publish","4":"has-post-thumbnail","6":"product_cat-deportes_futbol_botas","7":"product_tag-puma","8":"pa_color-unico","9":"pa_talla-125","10":"pa_talla-127","11":"pa_talla-129","12":"pa_talla-133","13":"pa_talla-135","14":"pa_talla-137","15":"pa_talla-34-5","16":"pa_talla-139","17":"pa_talla-143","18":"pa_talla-37-5","19":"pa_talla-38-5","20":"thunk-woo-product-list","21":"opn-qv-enable","22":"open-woo-hover-","23":"open-single-product-tab-horizontal","24":"open-shadow-","25":"open-shadow-hover-","27":"first","28":"instock","29":"sale","30":"shipping-taxable","31":"purchasable","32":"product-type-variable"},"jetpack_sharing_enabled":true,"_links":{"self":[{"href":"https:\/\/www.deporteseli.com\/index.php?rest_route=\/wp\/v2\/product\/48813","targetHints":{"allow":["GET"]}}],"collection":[{"href":"https:\/\/www.deporteseli.com\/index.php?rest_route=\/wp\/v2\/product"}],"about":[{"href":"https:\/\/www.deporteseli.com\/index.php?rest_route=\/wp\/v2\/types\/product"}],"wp:featuredmedia":[{"embeddable":true,"href":"https:\/\/www.deporteseli.com\/index.php?rest_route=\/wp\/v2\/media\/60796"}],"wp:attachment":[{"href":"https:\/\/www.deporteseli.com\/index.php?rest_route=%2Fwp%2Fv2%2Fmedia&parent=48813"}],"wp:term":[{"taxonomy":"product_brand","embeddable":true,"href":"https:\/\/www.deporteseli.com\/index.php?rest_route=%2Fwp%2Fv2%2Fproduct_brand&post=48813"},{"taxonomy":"product_cat","embeddable":true,"href":"https:\/\/www.deporteseli.com\/index.php?rest_route=%2Fwp%2Fv2%2Fproduct_cat&post=48813"},{"taxonomy":"product_tag","embeddable":true,"href":"https:\/\/www.deporteseli.com\/index.php?rest_route=%2Fwp%2Fv2%2Fproduct_tag&post=48813"}],"curies":[{"name":"wp","href":"https:\/\/api.w.org\/{rel}","templated":true}]}}