{"id":48803,"date":"2026-01-27T22:12:22","date_gmt":"2026-01-27T22:12:22","guid":{"rendered":"https:\/\/www.deporteseli.com\/?product=botas-puma-108604"},"modified":"2026-03-24T05:18:34","modified_gmt":"2026-03-24T05:18:34","slug":"botas-puma-108604","status":"publish","type":"product","link":"https:\/\/www.deporteseli.com\/?product=botas-puma-108604","title":{"rendered":"BOTAS PUMA 108604"},"content":{"rendered":"<p>Descripci\u00f3n del Producto  D\u00e9 rienda suelta a su creatividad \u00fanica, juegue gratis y sea el genio de la pelota en FUTURE 8  La bota contar\u00e1 con el respaldo de Jack Grealish, junto con otros jugadores superestrellas  Parte superior sint\u00e9tica ligera para mayor comodidad, soporte y durabilidad  L\u00edneas en relieve en la parte delantera del pie para mejorar el control del bal\u00f3n  La forma y la colocaci\u00f3n de los pernos alrededor del punto de giro permiten un movimiento sin restricciones de 360 grados, necesario para cambios de direcci\u00f3n explosivos  Lengua de licra sin cordones  La parte superior est\u00e1 hecha con al menos un 30% de materiales reciclados como paso hacia un futuro mejor  Se trata de una bota con tachuelas MG, dise\u00f1ada para su uso en canchas de c\u00e9sped natural y artificial.                                                                                                                                                                                                                                                                                                                                                                                                                                                                                                                                                                                                                                                                                                                                                                                                                                                                                                                                                                                                                                        <\/p>\n","protected":false},"excerpt":{"rendered":"<p>BOTAS PUMA 108604<\/p>\n","protected":false},"featured_media":60794,"template":"","meta":[],"product_brand":[],"product_cat":[318],"product_tag":[32],"class_list":{"0":"post-48803","1":"product","2":"type-product","3":"status-publish","4":"has-post-thumbnail","6":"product_cat-deportes_futbol_botas","7":"product_tag-puma","8":"pa_color-unico","9":"pa_talla-149","10":"pa_talla-151","11":"pa_talla-153","12":"pa_talla-155","13":"pa_talla-157","14":"pa_talla-44-5","15":"pa_talla-159","16":"pa_talla-161","17":"pa_talla-163","18":"thunk-woo-product-list","19":"opn-qv-enable","20":"open-woo-hover-","21":"open-single-product-tab-horizontal","22":"open-shadow-","23":"open-shadow-hover-","25":"first","26":"instock","27":"sale","28":"shipping-taxable","29":"purchasable","30":"product-type-variable"},"jetpack_sharing_enabled":true,"_links":{"self":[{"href":"https:\/\/www.deporteseli.com\/index.php?rest_route=\/wp\/v2\/product\/48803","targetHints":{"allow":["GET"]}}],"collection":[{"href":"https:\/\/www.deporteseli.com\/index.php?rest_route=\/wp\/v2\/product"}],"about":[{"href":"https:\/\/www.deporteseli.com\/index.php?rest_route=\/wp\/v2\/types\/product"}],"wp:featuredmedia":[{"embeddable":true,"href":"https:\/\/www.deporteseli.com\/index.php?rest_route=\/wp\/v2\/media\/60794"}],"wp:attachment":[{"href":"https:\/\/www.deporteseli.com\/index.php?rest_route=%2Fwp%2Fv2%2Fmedia&parent=48803"}],"wp:term":[{"taxonomy":"product_brand","embeddable":true,"href":"https:\/\/www.deporteseli.com\/index.php?rest_route=%2Fwp%2Fv2%2Fproduct_brand&post=48803"},{"taxonomy":"product_cat","embeddable":true,"href":"https:\/\/www.deporteseli.com\/index.php?rest_route=%2Fwp%2Fv2%2Fproduct_cat&post=48803"},{"taxonomy":"product_tag","embeddable":true,"href":"https:\/\/www.deporteseli.com\/index.php?rest_route=%2Fwp%2Fv2%2Fproduct_tag&post=48803"}],"curies":[{"name":"wp","href":"https:\/\/api.w.org\/{rel}","templated":true}]}}