{"id":48794,"date":"2026-01-27T22:12:10","date_gmt":"2026-01-27T22:12:10","guid":{"rendered":"https:\/\/www.deporteseli.com\/?product=chandal-champion-307327-2"},"modified":"2026-03-07T06:44:25","modified_gmt":"2026-03-07T06:44:25","slug":"chandal-champion-307327-2","status":"publish","type":"product","link":"https:\/\/www.deporteseli.com\/?product=chandal-champion-307327-2","title":{"rendered":"CHANDAL CHAMPION 307327"},"content":{"rendered":"<p>Un conjunto perfecto para todos los d\u00edas, que incluye sudadera con cuello redondo y pantalones a juego. El tejido cepillado ofrece suavidad y calor, mientras que la apertura con botones a presi\u00f3n en la parte posterior del cuello facilita el vestido. El logo Champion frontal a\u00f1ade un toque ic\u00f3nico a este look pr\u00e1ctico y c\u00f3modo.  Tejido: Forro polar compacto y suave en mezcla de algod\u00f3n, 240 g\/m\u00b2  Composici\u00f3n: 54 % algod\u00f3n, 46 % poli\u00e9ster  Interior perchado para mayor confort t\u00e9rmico  Sudadera cuello redondo con apertura trasera con botones clip  Estampado frontal con logo  Pantal\u00f3n con cintura el\u00e1stica y cord\u00f3n ajustable  Pu\u00f1os acanalados en el pantal\u00f3n  Corte: Standard Fit \u2013 vers\u00e1til y c\u00f3modo con medidas est\u00e1ndar en ancho y largo. Se ajusta al cuerpo con l\u00edneas simples que no marcan. Corte de hombros regular.   SKU: 307327_OS064                                                                                                                                                                                                                                                                                                                                                                                                                                                                                                                                                                                                                                                                                                                                                                                                                                                                                                                                                                                                                                        <\/p>\n","protected":false},"excerpt":{"rendered":"<p>CHANDAL CHAMPION 307327<\/p>\n","protected":false},"featured_media":60790,"template":"","meta":[],"product_brand":[],"product_cat":[298],"product_tag":[84],"class_list":{"0":"post-48794","1":"product","2":"type-product","3":"status-publish","4":"has-post-thumbnail","6":"product_cat-nino_textil_chandals","7":"product_tag-babolat","8":"pa_color-unico","9":"pa_talla-18-meses","10":"pa_talla-103","11":"pa_talla-167","12":"pa_talla-168","13":"thunk-woo-product-list","14":"opn-qv-enable","15":"open-woo-hover-","16":"open-single-product-tab-horizontal","17":"open-shadow-","18":"open-shadow-hover-","20":"first","21":"instock","22":"shipping-taxable","23":"purchasable","24":"product-type-variable"},"jetpack_sharing_enabled":true,"_links":{"self":[{"href":"https:\/\/www.deporteseli.com\/index.php?rest_route=\/wp\/v2\/product\/48794","targetHints":{"allow":["GET"]}}],"collection":[{"href":"https:\/\/www.deporteseli.com\/index.php?rest_route=\/wp\/v2\/product"}],"about":[{"href":"https:\/\/www.deporteseli.com\/index.php?rest_route=\/wp\/v2\/types\/product"}],"wp:featuredmedia":[{"embeddable":true,"href":"https:\/\/www.deporteseli.com\/index.php?rest_route=\/wp\/v2\/media\/60790"}],"wp:attachment":[{"href":"https:\/\/www.deporteseli.com\/index.php?rest_route=%2Fwp%2Fv2%2Fmedia&parent=48794"}],"wp:term":[{"taxonomy":"product_brand","embeddable":true,"href":"https:\/\/www.deporteseli.com\/index.php?rest_route=%2Fwp%2Fv2%2Fproduct_brand&post=48794"},{"taxonomy":"product_cat","embeddable":true,"href":"https:\/\/www.deporteseli.com\/index.php?rest_route=%2Fwp%2Fv2%2Fproduct_cat&post=48794"},{"taxonomy":"product_tag","embeddable":true,"href":"https:\/\/www.deporteseli.com\/index.php?rest_route=%2Fwp%2Fv2%2Fproduct_tag&post=48794"}],"curies":[{"name":"wp","href":"https:\/\/api.w.org\/{rel}","templated":true}]}}