{"id":48774,"date":"2026-01-27T22:11:40","date_gmt":"2026-01-27T22:11:40","guid":{"rendered":"https:\/\/www.deporteseli.com\/?product=sudadera-champion-118032"},"modified":"2026-03-21T05:20:14","modified_gmt":"2026-03-21T05:20:14","slug":"sudadera-champion-118032","status":"publish","type":"product","link":"https:\/\/www.deporteseli.com\/?product=sudadera-champion-118032","title":{"rendered":"SUDADERA CHAMPION 118032"},"content":{"rendered":"<p>Esta sudadera con capucha de la l\u00ednea Icons reinterpreta uno de nuestros cl\u00e1sicos con un look limpio y sofisticado. El logo bordado tono sobre tono en el pecho combina perfectamente con el color suave y contempor\u00e1neo, mientras que el tejido de forro polar compacto y suave garantiza comodidad y estructura. El fit slim sigue la silueta de forma natural, haciendo de esta prenda ideal para un estilo aut\u00e9ntico y cotidiano.  Tejido: Felpa compacta y suave en mezcla de algod\u00f3n \u2013 280 g\/m\u00b2  Composici\u00f3n: 70 % algod\u00f3n, 30 % poli\u00e9ster  Interior afelpado para un mayor confort t\u00e9rmico  Logo C bordado a tono en el pecho  Bolsillo tipo canguro  Capucha con cord\u00f3n ajustable  Pu\u00f1os y bajo de canal\u00e9  Logo C bordado en la manga  Corte: Slim Fit \u2013 ajustado pero no ce\u00f1ido, se adapta a las curvas del cuerpo   SKU: 118032_VS100                                                                                                                                                                                                                                                                                                                                                                                                                                                                                                                                                                                                                                                                                                                                                                                                                                                                                                                                                                                                                                        <\/p>\n","protected":false},"excerpt":{"rendered":"<p>SUDADERA CHAMPION 118032<\/p>\n","protected":false},"featured_media":60779,"template":"","meta":[],"product_brand":[],"product_cat":[279],"product_tag":[51],"class_list":{"0":"post-48774","1":"product","2":"type-product","3":"status-publish","4":"has-post-thumbnail","6":"product_cat-mujer_textil_sudaderas","7":"product_tag-champion","8":"pa_color-unico","9":"pa_talla-l","10":"pa_talla-m","11":"thunk-woo-product-list","12":"opn-qv-enable","13":"open-woo-hover-","14":"open-single-product-tab-horizontal","15":"open-shadow-","16":"open-shadow-hover-","18":"first","19":"instock","20":"shipping-taxable","21":"purchasable","22":"product-type-variable"},"jetpack_sharing_enabled":true,"_links":{"self":[{"href":"https:\/\/www.deporteseli.com\/index.php?rest_route=\/wp\/v2\/product\/48774","targetHints":{"allow":["GET"]}}],"collection":[{"href":"https:\/\/www.deporteseli.com\/index.php?rest_route=\/wp\/v2\/product"}],"about":[{"href":"https:\/\/www.deporteseli.com\/index.php?rest_route=\/wp\/v2\/types\/product"}],"wp:featuredmedia":[{"embeddable":true,"href":"https:\/\/www.deporteseli.com\/index.php?rest_route=\/wp\/v2\/media\/60779"}],"wp:attachment":[{"href":"https:\/\/www.deporteseli.com\/index.php?rest_route=%2Fwp%2Fv2%2Fmedia&parent=48774"}],"wp:term":[{"taxonomy":"product_brand","embeddable":true,"href":"https:\/\/www.deporteseli.com\/index.php?rest_route=%2Fwp%2Fv2%2Fproduct_brand&post=48774"},{"taxonomy":"product_cat","embeddable":true,"href":"https:\/\/www.deporteseli.com\/index.php?rest_route=%2Fwp%2Fv2%2Fproduct_cat&post=48774"},{"taxonomy":"product_tag","embeddable":true,"href":"https:\/\/www.deporteseli.com\/index.php?rest_route=%2Fwp%2Fv2%2Fproduct_tag&post=48774"}],"curies":[{"name":"wp","href":"https:\/\/api.w.org\/{rel}","templated":true}]}}