{"id":48771,"date":"2026-01-27T22:11:34","date_gmt":"2026-01-27T22:11:34","guid":{"rendered":"https:\/\/www.deporteseli.com\/?product=camisa-adidas-jx0734"},"modified":"2026-03-07T06:44:05","modified_gmt":"2026-03-07T06:44:05","slug":"camisa-adidas-jx0734","status":"publish","type":"product","link":"https:\/\/www.deporteseli.com\/?product=camisa-adidas-jx0734","title":{"rendered":"CAMISA ADIDAS JX0734"},"content":{"rendered":"<p>Camiseta Essentials de jersey de 3 rayas  Una camiseta vers\u00e1til con un dise\u00f1o deportivo.  Ya sea que busques comodidad o estilo, esta camiseta adidas te ofrece ambas. Confeccionada en jersey suave para mayor comodidad, luce las ic\u00f3nicas 3 Rayas y un logotipo bordado para lucir tu lado deportivo. Comb\u00ednala con jeans, pantalones deportivos o pantalones cargo: no te equivocar\u00e1s.                                                                                                                                                                                                                                                                                                                                                                                                                                                                                                                                                                                                                                                                                                                                                                                                                                                                                                                                                                                                                                        <\/p>\n","protected":false},"excerpt":{"rendered":"<p>CAMISA ADIDAS JX0734<\/p>\n","protected":false},"featured_media":60776,"template":"","meta":[],"product_brand":[],"product_cat":[245],"product_tag":[18],"class_list":{"0":"post-48771","1":"product","2":"type-product","3":"status-publish","4":"has-post-thumbnail","6":"product_cat-hombre_textil_camisetas","7":"product_tag-adidas","8":"pa_color-unico","9":"pa_talla-l","10":"pa_talla-m","11":"thunk-woo-product-list","12":"opn-qv-enable","13":"open-woo-hover-","14":"open-single-product-tab-horizontal","15":"open-shadow-","16":"open-shadow-hover-","18":"first","19":"instock","20":"shipping-taxable","21":"purchasable","22":"product-type-variable"},"jetpack_sharing_enabled":true,"_links":{"self":[{"href":"https:\/\/www.deporteseli.com\/index.php?rest_route=\/wp\/v2\/product\/48771","targetHints":{"allow":["GET"]}}],"collection":[{"href":"https:\/\/www.deporteseli.com\/index.php?rest_route=\/wp\/v2\/product"}],"about":[{"href":"https:\/\/www.deporteseli.com\/index.php?rest_route=\/wp\/v2\/types\/product"}],"wp:featuredmedia":[{"embeddable":true,"href":"https:\/\/www.deporteseli.com\/index.php?rest_route=\/wp\/v2\/media\/60776"}],"wp:attachment":[{"href":"https:\/\/www.deporteseli.com\/index.php?rest_route=%2Fwp%2Fv2%2Fmedia&parent=48771"}],"wp:term":[{"taxonomy":"product_brand","embeddable":true,"href":"https:\/\/www.deporteseli.com\/index.php?rest_route=%2Fwp%2Fv2%2Fproduct_brand&post=48771"},{"taxonomy":"product_cat","embeddable":true,"href":"https:\/\/www.deporteseli.com\/index.php?rest_route=%2Fwp%2Fv2%2Fproduct_cat&post=48771"},{"taxonomy":"product_tag","embeddable":true,"href":"https:\/\/www.deporteseli.com\/index.php?rest_route=%2Fwp%2Fv2%2Fproduct_tag&post=48771"}],"curies":[{"name":"wp","href":"https:\/\/api.w.org\/{rel}","templated":true}]}}