{"id":48767,"date":"2026-01-27T22:11:29","date_gmt":"2026-01-27T22:11:29","guid":{"rendered":"https:\/\/www.deporteseli.com\/?product=camisa-adidas-jc7470"},"modified":"2026-03-07T06:44:03","modified_gmt":"2026-03-07T06:44:03","slug":"camisa-adidas-jc7470","status":"publish","type":"product","link":"https:\/\/www.deporteseli.com\/?product=camisa-adidas-jc7470","title":{"rendered":"CAMISA ADIDAS JC7470"},"content":{"rendered":"<p>Una camiseta para ni\u00f1os con un atractivo dise\u00f1o de bloques de color.  Redefiniendo el estilo contempor\u00e1neo, esta camiseta adidas para ni\u00f1os te permite hacer una declaraci\u00f3n all\u00e1 donde vayas. Con las atrevidas 3 Rayas en las mangas y un peque\u00f1o logotipo de 3 Barras en el pecho, podr\u00e1s representar a la marca que lleva d\u00e9cadas haciendo que los deportistas se sientan c\u00f3modos. El tejido de punto jersey se combina con aberturas laterales para una sensaci\u00f3n desenfadada.                                                                                                                                                                                                                                                                                                                                                                                                                                                                                                                                                                                                                                                                                                                                                                                                                                                                                                                                                                                                                                        <\/p>\n","protected":false},"excerpt":{"rendered":"<p>CAMISA ADIDAS JC7470<\/p>\n","protected":false},"featured_media":60773,"template":"","meta":[],"product_brand":[],"product_cat":[296],"product_tag":[18],"class_list":{"0":"post-48767","1":"product","2":"type-product","3":"status-publish","4":"has-post-thumbnail","6":"product_cat-nino_textil_camisetas","7":"product_tag-adidas","8":"pa_color-unico","9":"pa_talla-t-10","10":"pa_talla-t-14","11":"pa_talla-t-16","12":"thunk-woo-product-list","13":"opn-qv-enable","14":"open-woo-hover-","15":"open-single-product-tab-horizontal","16":"open-shadow-","17":"open-shadow-hover-","19":"first","20":"instock","21":"shipping-taxable","22":"purchasable","23":"product-type-variable"},"jetpack_sharing_enabled":true,"_links":{"self":[{"href":"https:\/\/www.deporteseli.com\/index.php?rest_route=\/wp\/v2\/product\/48767","targetHints":{"allow":["GET"]}}],"collection":[{"href":"https:\/\/www.deporteseli.com\/index.php?rest_route=\/wp\/v2\/product"}],"about":[{"href":"https:\/\/www.deporteseli.com\/index.php?rest_route=\/wp\/v2\/types\/product"}],"wp:featuredmedia":[{"embeddable":true,"href":"https:\/\/www.deporteseli.com\/index.php?rest_route=\/wp\/v2\/media\/60773"}],"wp:attachment":[{"href":"https:\/\/www.deporteseli.com\/index.php?rest_route=%2Fwp%2Fv2%2Fmedia&parent=48767"}],"wp:term":[{"taxonomy":"product_brand","embeddable":true,"href":"https:\/\/www.deporteseli.com\/index.php?rest_route=%2Fwp%2Fv2%2Fproduct_brand&post=48767"},{"taxonomy":"product_cat","embeddable":true,"href":"https:\/\/www.deporteseli.com\/index.php?rest_route=%2Fwp%2Fv2%2Fproduct_cat&post=48767"},{"taxonomy":"product_tag","embeddable":true,"href":"https:\/\/www.deporteseli.com\/index.php?rest_route=%2Fwp%2Fv2%2Fproduct_tag&post=48767"}],"curies":[{"name":"wp","href":"https:\/\/api.w.org\/{rel}","templated":true}]}}