{"id":48765,"date":"2026-01-27T22:11:26","date_gmt":"2026-01-27T22:11:26","guid":{"rendered":"https:\/\/www.deporteseli.com\/?product=head-speed-elite-ltd"},"modified":"2026-01-27T22:11:28","modified_gmt":"2026-01-27T22:11:28","slug":"head-speed-elite-ltd","status":"publish","type":"product","link":"https:\/\/www.deporteseli.com\/?product=head-speed-elite-ltd","title":{"rendered":"HEAD SPEED ELITE LTD"},"content":{"rendered":"<p>Consigue esta pala Head de edici\u00f3n limitada para jugadores avanzados que buscan versatilidad en cada jugada.  Marca Head  Producto Palas  Balance Medio  N\u00facleo Foam  Cara Carbono, Fibra De Vidrio  Formato Normal  Nivel de Juego Avanzado \/ Competici\u00f3n  Forma L\u00e1grima  Superf\u00edcie Lisa  Tipo de Juego Polivalente                                                                                                                                                                                                                                                                                                                                                                                                                                                                                                                                                                                                                                                                                                                                                                                                                                                                                                                                                                                                                                        <\/p>\n","protected":false},"excerpt":{"rendered":"<p>HEAD SPEED ELITE LTD<\/p>\n","protected":false},"featured_media":60768,"template":"","meta":[],"product_brand":[],"product_cat":[353],"product_tag":[22],"class_list":{"0":"post-48765","1":"product","2":"type-product","3":"status-publish","4":"has-post-thumbnail","6":"product_cat-padel_y_tenis_palas","7":"product_tag-head","8":"pa_color-unico","9":"pa_talla-unica","10":"thunk-woo-product-list","11":"opn-qv-enable","12":"open-woo-hover-","13":"open-single-product-tab-horizontal","14":"open-shadow-","15":"open-shadow-hover-","17":"first","18":"instock","19":"sale","20":"shipping-taxable","21":"purchasable","22":"product-type-variable"},"jetpack_sharing_enabled":true,"_links":{"self":[{"href":"https:\/\/www.deporteseli.com\/index.php?rest_route=\/wp\/v2\/product\/48765","targetHints":{"allow":["GET"]}}],"collection":[{"href":"https:\/\/www.deporteseli.com\/index.php?rest_route=\/wp\/v2\/product"}],"about":[{"href":"https:\/\/www.deporteseli.com\/index.php?rest_route=\/wp\/v2\/types\/product"}],"wp:featuredmedia":[{"embeddable":true,"href":"https:\/\/www.deporteseli.com\/index.php?rest_route=\/wp\/v2\/media\/60768"}],"wp:attachment":[{"href":"https:\/\/www.deporteseli.com\/index.php?rest_route=%2Fwp%2Fv2%2Fmedia&parent=48765"}],"wp:term":[{"taxonomy":"product_brand","embeddable":true,"href":"https:\/\/www.deporteseli.com\/index.php?rest_route=%2Fwp%2Fv2%2Fproduct_brand&post=48765"},{"taxonomy":"product_cat","embeddable":true,"href":"https:\/\/www.deporteseli.com\/index.php?rest_route=%2Fwp%2Fv2%2Fproduct_cat&post=48765"},{"taxonomy":"product_tag","embeddable":true,"href":"https:\/\/www.deporteseli.com\/index.php?rest_route=%2Fwp%2Fv2%2Fproduct_tag&post=48765"}],"curies":[{"name":"wp","href":"https:\/\/api.w.org\/{rel}","templated":true}]}}