{"id":48759,"date":"2026-01-27T22:11:15","date_gmt":"2026-01-27T22:11:15","guid":{"rendered":"https:\/\/www.deporteseli.com\/?product=chandal-adidas-ji8857"},"modified":"2026-03-07T06:43:57","modified_gmt":"2026-03-07T06:43:57","slug":"chandal-adidas-ji8857","status":"publish","type":"product","link":"https:\/\/www.deporteseli.com\/?product=chandal-adidas-ji8857","title":{"rendered":"CHANDAL ADIDAS JI8857"},"content":{"rendered":"<p>Descripci\u00f3n  Disfruta del fin de semana con estilo gracias a este ch\u00e1ndal adidas. La confecci\u00f3n en tejido de punto suave te garantiza la comodidad, ya est\u00e9s haciendo recados o pasando la tarde con tus amigos. La cintura el\u00e1stica con cord\u00f3n te proporciona un ajuste a medida.  Este producto se ha confeccionado con un 100% de materiales reciclados. Al reutilizar materiales ya existentes, reducimos los residuos, nuestra dependencia de recursos limitados y la huella que generan los productos que fabricamos.                                                                                                                                                                                                                                                                                                                                                                                                                                                                                                                                                                                                                                                                                                                                                                                                                                                                                                                                                                                                                                        <\/p>\n","protected":false},"excerpt":{"rendered":"<p>CHANDAL ADIDAS JI8857<\/p>\n","protected":false},"featured_media":60764,"template":"","meta":[],"product_brand":[],"product_cat":[248],"product_tag":[18],"class_list":{"0":"post-48759","1":"product","2":"type-product","3":"status-publish","4":"has-post-thumbnail","6":"product_cat-hombre_textil_chandals","7":"product_tag-adidas","8":"pa_color-unico","9":"pa_talla-s","10":"thunk-woo-product-list","11":"opn-qv-enable","12":"open-woo-hover-","13":"open-single-product-tab-horizontal","14":"open-shadow-","15":"open-shadow-hover-","17":"first","18":"instock","19":"shipping-taxable","20":"purchasable","21":"product-type-variable"},"jetpack_sharing_enabled":true,"_links":{"self":[{"href":"https:\/\/www.deporteseli.com\/index.php?rest_route=\/wp\/v2\/product\/48759","targetHints":{"allow":["GET"]}}],"collection":[{"href":"https:\/\/www.deporteseli.com\/index.php?rest_route=\/wp\/v2\/product"}],"about":[{"href":"https:\/\/www.deporteseli.com\/index.php?rest_route=\/wp\/v2\/types\/product"}],"wp:featuredmedia":[{"embeddable":true,"href":"https:\/\/www.deporteseli.com\/index.php?rest_route=\/wp\/v2\/media\/60764"}],"wp:attachment":[{"href":"https:\/\/www.deporteseli.com\/index.php?rest_route=%2Fwp%2Fv2%2Fmedia&parent=48759"}],"wp:term":[{"taxonomy":"product_brand","embeddable":true,"href":"https:\/\/www.deporteseli.com\/index.php?rest_route=%2Fwp%2Fv2%2Fproduct_brand&post=48759"},{"taxonomy":"product_cat","embeddable":true,"href":"https:\/\/www.deporteseli.com\/index.php?rest_route=%2Fwp%2Fv2%2Fproduct_cat&post=48759"},{"taxonomy":"product_tag","embeddable":true,"href":"https:\/\/www.deporteseli.com\/index.php?rest_route=%2Fwp%2Fv2%2Fproduct_tag&post=48759"}],"curies":[{"name":"wp","href":"https:\/\/api.w.org\/{rel}","templated":true}]}}