{"id":48755,"date":"2026-01-27T22:11:09","date_gmt":"2026-01-27T22:11:09","guid":{"rendered":"https:\/\/www.deporteseli.com\/?product=short-adidas-jx2666"},"modified":"2026-03-07T06:43:56","modified_gmt":"2026-03-07T06:43:56","slug":"short-adidas-jx2666","status":"publish","type":"product","link":"https:\/\/www.deporteseli.com\/?product=short-adidas-jx2666","title":{"rendered":"SHORT ADIDAS JX2666"},"content":{"rendered":"<p>Descripci\u00f3n  No importa si el plan es pasar el d\u00eda en la playa o relajarte junto a la piscina, este ba\u00f1ador adidas es el compa\u00f1ero perfecto de estilo informal. Est\u00e1 confeccionado con un ligero tejido de secado r\u00e1pido, y ofrece un ajuste c\u00f3modo y la cobertura que necesitas para relajarte y disfrutar del sol. El toque final a este dise\u00f1o vers\u00e1til lo aporta el logotipo de las 3 bandas, que resalta tu lado deportivo.                                                                                                                                                                                                                                                                                                                                                                                                                                                                                                                                                                                                                                                                                                                                                                                                                                                                                                                                                                                                                                        <\/p>\n","protected":false},"excerpt":{"rendered":"<p>SHORT ADIDAS JX2666<\/p>\n","protected":false},"featured_media":60762,"template":"","meta":[],"product_brand":[],"product_cat":[246],"product_tag":[18],"class_list":{"0":"post-48755","1":"product","2":"type-product","3":"status-publish","4":"has-post-thumbnail","6":"product_cat-hombre_textil_banadores","7":"product_tag-adidas","8":"pa_color-unico","9":"pa_talla-m","10":"pa_talla-s","11":"pa_talla-xl","12":"thunk-woo-product-list","13":"opn-qv-enable","14":"open-woo-hover-","15":"open-single-product-tab-horizontal","16":"open-shadow-","17":"open-shadow-hover-","19":"first","20":"instock","21":"shipping-taxable","22":"purchasable","23":"product-type-variable"},"jetpack_sharing_enabled":true,"_links":{"self":[{"href":"https:\/\/www.deporteseli.com\/index.php?rest_route=\/wp\/v2\/product\/48755","targetHints":{"allow":["GET"]}}],"collection":[{"href":"https:\/\/www.deporteseli.com\/index.php?rest_route=\/wp\/v2\/product"}],"about":[{"href":"https:\/\/www.deporteseli.com\/index.php?rest_route=\/wp\/v2\/types\/product"}],"wp:featuredmedia":[{"embeddable":true,"href":"https:\/\/www.deporteseli.com\/index.php?rest_route=\/wp\/v2\/media\/60762"}],"wp:attachment":[{"href":"https:\/\/www.deporteseli.com\/index.php?rest_route=%2Fwp%2Fv2%2Fmedia&parent=48755"}],"wp:term":[{"taxonomy":"product_brand","embeddable":true,"href":"https:\/\/www.deporteseli.com\/index.php?rest_route=%2Fwp%2Fv2%2Fproduct_brand&post=48755"},{"taxonomy":"product_cat","embeddable":true,"href":"https:\/\/www.deporteseli.com\/index.php?rest_route=%2Fwp%2Fv2%2Fproduct_cat&post=48755"},{"taxonomy":"product_tag","embeddable":true,"href":"https:\/\/www.deporteseli.com\/index.php?rest_route=%2Fwp%2Fv2%2Fproduct_tag&post=48755"}],"curies":[{"name":"wp","href":"https:\/\/api.w.org\/{rel}","templated":true}]}}