{"id":48752,"date":"2026-01-27T22:11:03","date_gmt":"2026-01-27T22:11:03","guid":{"rendered":"https:\/\/www.deporteseli.com\/?product=camisa-adidas-jm5759"},"modified":"2026-03-07T06:43:52","modified_gmt":"2026-03-07T06:43:52","slug":"camisa-adidas-jm5759","status":"publish","type":"product","link":"https:\/\/www.deporteseli.com\/?product=camisa-adidas-jm5759","title":{"rendered":"CAMISA ADIDAS JM5759"},"content":{"rendered":"<p>Descripci\u00f3n  Deja que tu originalidad fluya a trav\u00e9s de tus movimientos. La colecci\u00f3n Run It celebra la expresi\u00f3n personal a la vez que te ayuda a progresar, brind\u00e1ndote un rendimiento excepcional en cada carrera.  Siente la m\u00e1xima comodidad gracias a esta camiseta ligera y transpirable de tacto suave mientras aumentas el ritmo. Incorpora la tecnolog\u00eda transpirable AEROREADY, que mantiene la piel seca e incluye detalles reflectantes que te hacen m\u00e1s visible en condiciones de poca luz El gran logotipo de adidas Performance rinde homenaje a un legado imperecedero a la vez que deja clara tu pasi\u00f3n por el deporte.                                                                                                                                                                                                                                                                                                                                                                                                                                                                                                                                                                                                                                                                                                                                                                                                                                                                                                                                                                                                                                        <\/p>\n","protected":false},"excerpt":{"rendered":"<p>CAMISA ADIDAS JM5759<\/p>\n","protected":false},"featured_media":60761,"template":"","meta":[],"product_brand":[],"product_cat":[269],"product_tag":[18],"class_list":{"0":"post-48752","1":"product","2":"type-product","3":"status-publish","4":"has-post-thumbnail","6":"product_cat-mujer_textil_camisetas","7":"product_tag-adidas","8":"pa_color-unico","9":"pa_talla-m","10":"pa_talla-xl","11":"thunk-woo-product-list","12":"opn-qv-enable","13":"open-woo-hover-","14":"open-single-product-tab-horizontal","15":"open-shadow-","16":"open-shadow-hover-","18":"first","19":"instock","20":"shipping-taxable","21":"purchasable","22":"product-type-variable"},"jetpack_sharing_enabled":true,"_links":{"self":[{"href":"https:\/\/www.deporteseli.com\/index.php?rest_route=\/wp\/v2\/product\/48752","targetHints":{"allow":["GET"]}}],"collection":[{"href":"https:\/\/www.deporteseli.com\/index.php?rest_route=\/wp\/v2\/product"}],"about":[{"href":"https:\/\/www.deporteseli.com\/index.php?rest_route=\/wp\/v2\/types\/product"}],"wp:featuredmedia":[{"embeddable":true,"href":"https:\/\/www.deporteseli.com\/index.php?rest_route=\/wp\/v2\/media\/60761"}],"wp:attachment":[{"href":"https:\/\/www.deporteseli.com\/index.php?rest_route=%2Fwp%2Fv2%2Fmedia&parent=48752"}],"wp:term":[{"taxonomy":"product_brand","embeddable":true,"href":"https:\/\/www.deporteseli.com\/index.php?rest_route=%2Fwp%2Fv2%2Fproduct_brand&post=48752"},{"taxonomy":"product_cat","embeddable":true,"href":"https:\/\/www.deporteseli.com\/index.php?rest_route=%2Fwp%2Fv2%2Fproduct_cat&post=48752"},{"taxonomy":"product_tag","embeddable":true,"href":"https:\/\/www.deporteseli.com\/index.php?rest_route=%2Fwp%2Fv2%2Fproduct_tag&post=48752"}],"curies":[{"name":"wp","href":"https:\/\/api.w.org\/{rel}","templated":true}]}}