{"id":48749,"date":"2026-01-27T22:10:58","date_gmt":"2026-01-27T22:10:58","guid":{"rendered":"https:\/\/www.deporteseli.com\/?product=sudadera-adidas-in6160"},"modified":"2026-03-07T06:43:49","modified_gmt":"2026-03-07T06:43:49","slug":"sudadera-adidas-in6160","status":"publish","type":"product","link":"https:\/\/www.deporteseli.com\/?product=sudadera-adidas-in6160","title":{"rendered":"SUDADERA ADIDAS IN6160"},"content":{"rendered":"<p>Descripci\u00f3n  Esta sudadera con capucha adidas te envuelve en confort de la ma\u00f1ana a la noche. Se ha confeccionado en un tejido de felpa suave que te garantiza una gran calidez y cuenta con pu\u00f1os de canal\u00e9 que te resguardan del fr\u00edo. El prominente logotipo de las 3 bandas en el pecho le confiere un toque deportivo imposible de ignorar.                                                                                                                                                                                                                                                                                                                                                                                                                                                                                                                                                                                                                                                                                                                                                                                                                                                                                                                                                                                                                                        <\/p>\n","protected":false},"excerpt":{"rendered":"<p>SUDADERA ADIDAS IN6160<\/p>\n","protected":false},"featured_media":60760,"template":"","meta":[],"product_brand":[],"product_cat":[253],"product_tag":[18],"class_list":{"0":"post-48749","1":"product","2":"type-product","3":"status-publish","4":"has-post-thumbnail","6":"product_cat-hombre_textil_sudaderas","7":"product_tag-adidas","8":"pa_color-unico","9":"pa_talla-l","10":"pa_talla-s","11":"thunk-woo-product-list","12":"opn-qv-enable","13":"open-woo-hover-","14":"open-single-product-tab-horizontal","15":"open-shadow-","16":"open-shadow-hover-","18":"first","19":"instock","20":"shipping-taxable","21":"purchasable","22":"product-type-variable"},"jetpack_sharing_enabled":true,"_links":{"self":[{"href":"https:\/\/www.deporteseli.com\/index.php?rest_route=\/wp\/v2\/product\/48749","targetHints":{"allow":["GET"]}}],"collection":[{"href":"https:\/\/www.deporteseli.com\/index.php?rest_route=\/wp\/v2\/product"}],"about":[{"href":"https:\/\/www.deporteseli.com\/index.php?rest_route=\/wp\/v2\/types\/product"}],"wp:featuredmedia":[{"embeddable":true,"href":"https:\/\/www.deporteseli.com\/index.php?rest_route=\/wp\/v2\/media\/60760"}],"wp:attachment":[{"href":"https:\/\/www.deporteseli.com\/index.php?rest_route=%2Fwp%2Fv2%2Fmedia&parent=48749"}],"wp:term":[{"taxonomy":"product_brand","embeddable":true,"href":"https:\/\/www.deporteseli.com\/index.php?rest_route=%2Fwp%2Fv2%2Fproduct_brand&post=48749"},{"taxonomy":"product_cat","embeddable":true,"href":"https:\/\/www.deporteseli.com\/index.php?rest_route=%2Fwp%2Fv2%2Fproduct_cat&post=48749"},{"taxonomy":"product_tag","embeddable":true,"href":"https:\/\/www.deporteseli.com\/index.php?rest_route=%2Fwp%2Fv2%2Fproduct_tag&post=48749"}],"curies":[{"name":"wp","href":"https:\/\/api.w.org\/{rel}","templated":true}]}}